{"id":86,"date":"2015-03-12T12:35:27","date_gmt":"2015-03-12T12:35:27","guid":{"rendered":"http:\/\/www.scenesbuissonnieres.com\/scenesB\/?page_id=86"},"modified":"2023-06-12T16:53:51","modified_gmt":"2023-06-12T15:53:51","slug":"partenaires","status":"publish","type":"page","link":"https:\/\/www.scenesbuissonnieres.com\/scenesB\/partenaires\/","title":{"rendered":"Partenaires et Soutiens"},"content":{"rendered":"\n<figure class=\"wp-block-table\"><table class=\"has-fixed-layout\"><tbody><tr><td><br><img decoding=\"async\" loading=\"lazy\" src=\"\/scenesB\/wp-content\/images\/partenaires\/CCM.jpg\" alt=\"\" width=\"150\" height=\"62\" border=\"1\"><\/td><td><strong>Communaut\u00e9 de Communes de Montesquieu<\/strong><br> <a href=\"http:\/\/www.cc-montesquieu.fr\" target=\"_blank\" rel=\"noopener noreferrer\">www.cc-montesquieu.fr<\/a><\/td><\/tr><tr><td><br><img decoding=\"async\" loading=\"lazy\" src=\"\/scenesB\/wp-content\/images\/partenaires\/cd33v.jpg\" alt=\"\" width=\"150\" height=\"62\" border=\"1\"><\/td><td><strong>Le D\u00e9partement de la Gironde<\/strong><br> <a href=\"http:\/\/www.gironde.fr\" target=\"_blank\" rel=\"noopener noreferrer\">www.gironde.fr<\/a><\/td><\/tr><tr><td><br><img decoding=\"async\" loading=\"lazy\" src=\"\/scenesB\/wp-content\/images\/partenaires\/logo-iddac.png\" alt=\"\" width=\"150\" height=\"62\" border=\"1\"><\/td><td><strong>L&rsquo;IDDAC (Institut D\u00e9partemental de D\u00e9veloppement Artistique et Culturel)<\/strong><br>Agence culturelle de la Gironde.<br> <a href=\"http:\/\/www.iddac.net\" target=\"_blank\" rel=\"noopener noreferrer\">iddac.net<\/a><\/td><\/tr><tr><td><br><img decoding=\"async\" loading=\"lazy\" wp-image-1016=\"\" size-full\"=\"\" src=\"http:\/\/www.scenesbuissonnieres.com\/scenesB\/wp-content\/uploads\/2021\/12\/logo_leognan_120.png\" alt=\"\" width=\"240\" height=\"120\" srcset=\"https:\/\/www.scenesbuissonnieres.com\/scenesB\/wp-content\/uploads\/2021\/12\/logo_leognan_120.png 240w, https:\/\/www.scenesbuissonnieres.com\/scenesB\/wp-content\/uploads\/2021\/12\/logo_leognan_120-100x50.png 100w, https:\/\/www.scenesbuissonnieres.com\/scenesB\/wp-content\/uploads\/2021\/12\/logo_leognan_120-150x75.png 150w, https:\/\/www.scenesbuissonnieres.com\/scenesB\/wp-content\/uploads\/2021\/12\/logo_leognan_120-200x100.png 200w\" sizes=\"(max-width: 240px) 100vw, 240px\" \/><\/td><td><strong>Mairie de L\u00e9ognan<\/strong><br>11 Cours Mar\u00e9chal de Lattre de Tassigny<br>33850 L\u00e9ognan<br> <a href=\"contact@mairie-leognan.fr\">contact@mairie-leognan.fr<\/a><\/td><\/tr><tr><td><br><img decoding=\"async\" loading=\"lazy\" src=\"\/scenesB\/wp-content\/images\/partenaires\/credit-agricole.jpg\" alt=\"\" width=\"150\" height=\"62\" border=\"1\"><\/td><td><strong>Cr\u00e9dit Agricole<\/strong><br> <a href=\"http:\/\/www.credit-agricole.fr\" target=\"_blank\" rel=\"noopener noreferrer\">www.credit-agricole.fr<\/a><\/td><\/tr><tr><td><br><img decoding=\"async\" loading=\"lazy\" width=\"564\" height=\"827\" class=\"wp-image-1233\" style=\"width: 150px;\" src=\"http:\/\/www.scenesbuissonnieres.com\/scenesB\/wp-content\/uploads\/2023\/05\/300-logo-chateauleognan.jpg\" alt=\"\" srcset=\"https:\/\/www.scenesbuissonnieres.com\/scenesB\/wp-content\/uploads\/2023\/05\/300-logo-chateauleognan.jpg 564w, https:\/\/www.scenesbuissonnieres.com\/scenesB\/wp-content\/uploads\/2023\/05\/300-logo-chateauleognan-205x300.jpg 205w, https:\/\/www.scenesbuissonnieres.com\/scenesB\/wp-content\/uploads\/2023\/05\/300-logo-chateauleognan-100x147.jpg 100w, https:\/\/www.scenesbuissonnieres.com\/scenesB\/wp-content\/uploads\/2023\/05\/300-logo-chateauleognan-150x220.jpg 150w, https:\/\/www.scenesbuissonnieres.com\/scenesB\/wp-content\/uploads\/2023\/05\/300-logo-chateauleognan-200x293.jpg 200w, https:\/\/www.scenesbuissonnieres.com\/scenesB\/wp-content\/uploads\/2023\/05\/300-logo-chateauleognan-300x440.jpg 300w, https:\/\/www.scenesbuissonnieres.com\/scenesB\/wp-content\/uploads\/2023\/05\/300-logo-chateauleognan-450x660.jpg 450w\" sizes=\"(max-width: 564px) 100vw, 564px\" \/><\/td><td><strong>Ch\u00e2teau L\u00e9ognan<\/strong><br>88 chemin du Barp<br>33850 L\u00e9ognan<br><br>Tel : 05 56 64 14 96<br>Email : contact@chateauleognan.fr<\/td><\/tr><tr><td><br><img decoding=\"async\" loading=\"lazy\" width=\"591\" height=\"591\" class=\"wp-image-1234\" style=\"width: 150px;\" src=\"http:\/\/www.scenesbuissonnieres.com\/scenesB\/wp-content\/uploads\/2023\/05\/300-ogo-rocade-orange.jpg\" alt=\"\" srcset=\"https:\/\/www.scenesbuissonnieres.com\/scenesB\/wp-content\/uploads\/2023\/05\/300-ogo-rocade-orange.jpg 591w, https:\/\/www.scenesbuissonnieres.com\/scenesB\/wp-content\/uploads\/2023\/05\/300-ogo-rocade-orange-300x300.jpg 300w, https:\/\/www.scenesbuissonnieres.com\/scenesB\/wp-content\/uploads\/2023\/05\/300-ogo-rocade-orange-150x150.jpg 150w, https:\/\/www.scenesbuissonnieres.com\/scenesB\/wp-content\/uploads\/2023\/05\/300-ogo-rocade-orange-100x100.jpg 100w, https:\/\/www.scenesbuissonnieres.com\/scenesB\/wp-content\/uploads\/2023\/05\/300-ogo-rocade-orange-200x200.jpg 200w, https:\/\/www.scenesbuissonnieres.com\/scenesB\/wp-content\/uploads\/2023\/05\/300-ogo-rocade-orange-450x450.jpg 450w\" sizes=\"(max-width: 591px) 100vw, 591px\" \/><\/td><td><strong>Pharmacie De La Rocade Villenave<\/strong><br>2 Avenue des Pyr\u00e9n\u00e9es<br>Centre Commercial G\u00e9ant Casino<br>33140 VILLENAVE D&rsquo;ORNON<br>Tel : 05 57 99 04 04<br>pharmacie.villenave@rocade.fr<\/td><\/tr><tr><td><br><img decoding=\"async\" loading=\"lazy\" width=\"1469\" height=\"591\" class=\"wp-image-1236\" style=\"width: 150px;\" src=\"http:\/\/www.scenesbuissonnieres.com\/scenesB\/wp-content\/uploads\/2023\/05\/300-Logo-Domaine-Solitude.jpg\" alt=\"\" srcset=\"https:\/\/www.scenesbuissonnieres.com\/scenesB\/wp-content\/uploads\/2023\/05\/300-Logo-Domaine-Solitude.jpg 1469w, https:\/\/www.scenesbuissonnieres.com\/scenesB\/wp-content\/uploads\/2023\/05\/300-Logo-Domaine-Solitude-300x121.jpg 300w, https:\/\/www.scenesbuissonnieres.com\/scenesB\/wp-content\/uploads\/2023\/05\/300-Logo-Domaine-Solitude-1024x412.jpg 1024w, https:\/\/www.scenesbuissonnieres.com\/scenesB\/wp-content\/uploads\/2023\/05\/300-Logo-Domaine-Solitude-768x309.jpg 768w, https:\/\/www.scenesbuissonnieres.com\/scenesB\/wp-content\/uploads\/2023\/05\/300-Logo-Domaine-Solitude-100x40.jpg 100w, https:\/\/www.scenesbuissonnieres.com\/scenesB\/wp-content\/uploads\/2023\/05\/300-Logo-Domaine-Solitude-150x60.jpg 150w, https:\/\/www.scenesbuissonnieres.com\/scenesB\/wp-content\/uploads\/2023\/05\/300-Logo-Domaine-Solitude-200x80.jpg 200w, https:\/\/www.scenesbuissonnieres.com\/scenesB\/wp-content\/uploads\/2023\/05\/300-Logo-Domaine-Solitude-450x181.jpg 450w, https:\/\/www.scenesbuissonnieres.com\/scenesB\/wp-content\/uploads\/2023\/05\/300-Logo-Domaine-Solitude-600x241.jpg 600w, https:\/\/www.scenesbuissonnieres.com\/scenesB\/wp-content\/uploads\/2023\/05\/300-Logo-Domaine-Solitude-900x362.jpg 900w\" sizes=\"(max-width: 1469px) 100vw, 1469px\" \/><\/td><td><strong>Domaine de la Solitude<\/strong><br>10 route de la Solitude<br>33650 MARTILLAC<br>Tel : 05 56 72 74 74<\/td><\/tr><tr><td><br><img decoding=\"async\" loading=\"lazy\" width=\"912\" height=\"591\" class=\"wp-image-1237\" style=\"width: 150px;\" src=\"http:\/\/www.scenesbuissonnieres.com\/scenesB\/wp-content\/uploads\/2023\/05\/300-Logo-Renault.jpg\" alt=\"\" srcset=\"https:\/\/www.scenesbuissonnieres.com\/scenesB\/wp-content\/uploads\/2023\/05\/300-Logo-Renault.jpg 912w, https:\/\/www.scenesbuissonnieres.com\/scenesB\/wp-content\/uploads\/2023\/05\/300-Logo-Renault-300x194.jpg 300w, https:\/\/www.scenesbuissonnieres.com\/scenesB\/wp-content\/uploads\/2023\/05\/300-Logo-Renault-768x498.jpg 768w, https:\/\/www.scenesbuissonnieres.com\/scenesB\/wp-content\/uploads\/2023\/05\/300-Logo-Renault-100x65.jpg 100w, https:\/\/www.scenesbuissonnieres.com\/scenesB\/wp-content\/uploads\/2023\/05\/300-Logo-Renault-150x97.jpg 150w, https:\/\/www.scenesbuissonnieres.com\/scenesB\/wp-content\/uploads\/2023\/05\/300-Logo-Renault-200x130.jpg 200w, https:\/\/www.scenesbuissonnieres.com\/scenesB\/wp-content\/uploads\/2023\/05\/300-Logo-Renault-450x292.jpg 450w, https:\/\/www.scenesbuissonnieres.com\/scenesB\/wp-content\/uploads\/2023\/05\/300-Logo-Renault-600x389.jpg 600w, https:\/\/www.scenesbuissonnieres.com\/scenesB\/wp-content\/uploads\/2023\/05\/300-Logo-Renault-900x583.jpg 900w\" sizes=\"(max-width: 912px) 100vw, 912px\" \/><\/td><td><strong>Garage Moretto Dayon SARL<br>Agent Renault Dacia \u00e0 L\u00e9ognan<\/strong><br>41 Avenue de Gradignan<br>33850 L\u00e9ognan<br>Tel : 05 56 64 75 25<\/td><\/tr><tr><td><br><img decoding=\"async\" loading=\"lazy\" width=\"984\" height=\"591\" class=\"wp-image-1246\" style=\"width: 150px;\" src=\"http:\/\/www.scenesbuissonnieres.com\/scenesB\/wp-content\/uploads\/2023\/05\/300-Logo-1-gars1-fille.jpg\" alt=\"\" srcset=\"https:\/\/www.scenesbuissonnieres.com\/scenesB\/wp-content\/uploads\/2023\/05\/300-Logo-1-gars1-fille.jpg 984w, https:\/\/www.scenesbuissonnieres.com\/scenesB\/wp-content\/uploads\/2023\/05\/300-Logo-1-gars1-fille-300x180.jpg 300w, https:\/\/www.scenesbuissonnieres.com\/scenesB\/wp-content\/uploads\/2023\/05\/300-Logo-1-gars1-fille-768x461.jpg 768w, https:\/\/www.scenesbuissonnieres.com\/scenesB\/wp-content\/uploads\/2023\/05\/300-Logo-1-gars1-fille-100x60.jpg 100w, https:\/\/www.scenesbuissonnieres.com\/scenesB\/wp-content\/uploads\/2023\/05\/300-Logo-1-gars1-fille-150x90.jpg 150w, https:\/\/www.scenesbuissonnieres.com\/scenesB\/wp-content\/uploads\/2023\/05\/300-Logo-1-gars1-fille-200x120.jpg 200w, https:\/\/www.scenesbuissonnieres.com\/scenesB\/wp-content\/uploads\/2023\/05\/300-Logo-1-gars1-fille-450x270.jpg 450w, https:\/\/www.scenesbuissonnieres.com\/scenesB\/wp-content\/uploads\/2023\/05\/300-Logo-1-gars1-fille-600x360.jpg 600w, https:\/\/www.scenesbuissonnieres.com\/scenesB\/wp-content\/uploads\/2023\/05\/300-Logo-1-gars1-fille-900x541.jpg 900w\" sizes=\"(max-width: 984px) 100vw, 984px\" \/><\/td><td><strong>Un Gars Et Une Fille<\/strong><br>73 av Bordeaux<br>33850 L\u00e9ognan<br>Tel : 05 56 49 55 14<\/td><\/tr><tr><td><img decoding=\"async\" loading=\"lazy\" width=\"784\" height=\"591\" class=\"wp-image-1235\" style=\"width: 150px;\" src=\"http:\/\/www.scenesbuissonnieres.com\/scenesB\/wp-content\/uploads\/2023\/05\/300-logo-Beijin.jpg\" alt=\"\" srcset=\"https:\/\/www.scenesbuissonnieres.com\/scenesB\/wp-content\/uploads\/2023\/05\/300-logo-Beijin.jpg 784w, https:\/\/www.scenesbuissonnieres.com\/scenesB\/wp-content\/uploads\/2023\/05\/300-logo-Beijin-300x226.jpg 300w, https:\/\/www.scenesbuissonnieres.com\/scenesB\/wp-content\/uploads\/2023\/05\/300-logo-Beijin-768x579.jpg 768w, https:\/\/www.scenesbuissonnieres.com\/scenesB\/wp-content\/uploads\/2023\/05\/300-logo-Beijin-100x75.jpg 100w, https:\/\/www.scenesbuissonnieres.com\/scenesB\/wp-content\/uploads\/2023\/05\/300-logo-Beijin-150x113.jpg 150w, https:\/\/www.scenesbuissonnieres.com\/scenesB\/wp-content\/uploads\/2023\/05\/300-logo-Beijin-200x151.jpg 200w, https:\/\/www.scenesbuissonnieres.com\/scenesB\/wp-content\/uploads\/2023\/05\/300-logo-Beijin-450x339.jpg 450w, https:\/\/www.scenesbuissonnieres.com\/scenesB\/wp-content\/uploads\/2023\/05\/300-logo-Beijin-600x452.jpg 600w\" sizes=\"(max-width: 784px) 100vw, 784px\" \/><\/td><td><\/td><\/tr><tr><td><img decoding=\"async\" loading=\"lazy\" width=\"1063\" height=\"591\" class=\"wp-image-1238\" style=\"width: 150px;\" src=\"http:\/\/www.scenesbuissonnieres.com\/scenesB\/wp-content\/uploads\/2023\/05\/300-Logo-Cabinet-dietetique.jpg\" alt=\"\" srcset=\"https:\/\/www.scenesbuissonnieres.com\/scenesB\/wp-content\/uploads\/2023\/05\/300-Logo-Cabinet-dietetique.jpg 1063w, https:\/\/www.scenesbuissonnieres.com\/scenesB\/wp-content\/uploads\/2023\/05\/300-Logo-Cabinet-dietetique-300x167.jpg 300w, https:\/\/www.scenesbuissonnieres.com\/scenesB\/wp-content\/uploads\/2023\/05\/300-Logo-Cabinet-dietetique-1024x569.jpg 1024w, https:\/\/www.scenesbuissonnieres.com\/scenesB\/wp-content\/uploads\/2023\/05\/300-Logo-Cabinet-dietetique-768x427.jpg 768w, https:\/\/www.scenesbuissonnieres.com\/scenesB\/wp-content\/uploads\/2023\/05\/300-Logo-Cabinet-dietetique-100x56.jpg 100w, https:\/\/www.scenesbuissonnieres.com\/scenesB\/wp-content\/uploads\/2023\/05\/300-Logo-Cabinet-dietetique-150x83.jpg 150w, https:\/\/www.scenesbuissonnieres.com\/scenesB\/wp-content\/uploads\/2023\/05\/300-Logo-Cabinet-dietetique-200x111.jpg 200w, https:\/\/www.scenesbuissonnieres.com\/scenesB\/wp-content\/uploads\/2023\/05\/300-Logo-Cabinet-dietetique-450x250.jpg 450w, https:\/\/www.scenesbuissonnieres.com\/scenesB\/wp-content\/uploads\/2023\/05\/300-Logo-Cabinet-dietetique-600x334.jpg 600w, https:\/\/www.scenesbuissonnieres.com\/scenesB\/wp-content\/uploads\/2023\/05\/300-Logo-Cabinet-dietetique-900x500.jpg 900w\" sizes=\"(max-width: 1063px) 100vw, 1063px\" \/><\/td><td><\/td><\/tr><tr><td><img decoding=\"async\" loading=\"lazy\" width=\"2560\" height=\"915\" class=\"wp-image-1252\" style=\"width: 150px;\" src=\"http:\/\/www.scenesbuissonnieres.com\/scenesB\/wp-content\/uploads\/2023\/05\/office-tourisme_SBT_baseline_soleil-scaled.jpg\" alt=\"\" srcset=\"https:\/\/www.scenesbuissonnieres.com\/scenesB\/wp-content\/uploads\/2023\/05\/office-tourisme_SBT_baseline_soleil-scaled.jpg 2560w, https:\/\/www.scenesbuissonnieres.com\/scenesB\/wp-content\/uploads\/2023\/05\/office-tourisme_SBT_baseline_soleil-300x107.jpg 300w, https:\/\/www.scenesbuissonnieres.com\/scenesB\/wp-content\/uploads\/2023\/05\/office-tourisme_SBT_baseline_soleil-1024x366.jpg 1024w, https:\/\/www.scenesbuissonnieres.com\/scenesB\/wp-content\/uploads\/2023\/05\/office-tourisme_SBT_baseline_soleil-768x274.jpg 768w, https:\/\/www.scenesbuissonnieres.com\/scenesB\/wp-content\/uploads\/2023\/05\/office-tourisme_SBT_baseline_soleil-1536x549.jpg 1536w, https:\/\/www.scenesbuissonnieres.com\/scenesB\/wp-content\/uploads\/2023\/05\/office-tourisme_SBT_baseline_soleil-2048x732.jpg 2048w, https:\/\/www.scenesbuissonnieres.com\/scenesB\/wp-content\/uploads\/2023\/05\/office-tourisme_SBT_baseline_soleil-100x36.jpg 100w, https:\/\/www.scenesbuissonnieres.com\/scenesB\/wp-content\/uploads\/2023\/05\/office-tourisme_SBT_baseline_soleil-150x54.jpg 150w, https:\/\/www.scenesbuissonnieres.com\/scenesB\/wp-content\/uploads\/2023\/05\/office-tourisme_SBT_baseline_soleil-200x71.jpg 200w, https:\/\/www.scenesbuissonnieres.com\/scenesB\/wp-content\/uploads\/2023\/05\/office-tourisme_SBT_baseline_soleil-450x161.jpg 450w, https:\/\/www.scenesbuissonnieres.com\/scenesB\/wp-content\/uploads\/2023\/05\/office-tourisme_SBT_baseline_soleil-600x214.jpg 600w, https:\/\/www.scenesbuissonnieres.com\/scenesB\/wp-content\/uploads\/2023\/05\/office-tourisme_SBT_baseline_soleil-900x322.jpg 900w\" sizes=\"(max-width: 2560px) 100vw, 2560px\" \/><\/td><td>&nbsp;<\/td><\/tr><tr><td>&nbsp;<a title=\"L'agenda des sorties propose des sorties pour tous. Annonce gratuite de manifestations\" href=\"http:\/\/www.agenda-des-sorties.com\" target=\"_blank\" rel=\"noopener noreferrer\"><img decoding=\"async\" loading=\"lazy\" class=\"\" src=\"http:\/\/www.agenda-des-sorties.com\/image\/agenda100_35.gif\" width=\"100\" height=\"35\" border=\"0\"><\/a><\/td><td>&nbsp;<\/td><\/tr><\/tbody><\/table><\/figure>\n","protected":false},"excerpt":{"rendered":"<p>Communaut\u00e9 de Communes de Montesquieu www.cc-montesquieu.fr Le D\u00e9partement de la Gironde www.gironde.fr L&rsquo;IDDAC (Institut D\u00e9partemental de D\u00e9veloppement Artistique et Culturel)Agence culturelle de la Gironde. iddac.net<\/p>\n","protected":false},"author":1,"featured_media":0,"parent":0,"menu_order":0,"comment_status":"closed","ping_status":"open","template":"full-width-page.php","meta":[],"yoast_head":"<!-- This site is optimized with the Yoast SEO plugin v21.8.1 - https:\/\/yoast.com\/wordpress\/plugins\/seo\/ -->\n<title>Partenaires et Soutiens - Sc\u00e8nes Buissonni\u00e8res<\/title>\n<meta name=\"robots\" content=\"index, follow, max-snippet:-1, max-image-preview:large, max-video-preview:-1\" \/>\n<link rel=\"canonical\" href=\"https:\/\/www.scenesbuissonnieres.com\/scenesB\/partenaires\/\" \/>\n<meta property=\"og:locale\" content=\"fr_FR\" \/>\n<meta property=\"og:type\" content=\"article\" \/>\n<meta property=\"og:title\" content=\"Partenaires et Soutiens - Sc\u00e8nes Buissonni\u00e8res\" \/>\n<meta property=\"og:description\" content=\"Communaut\u00e9 de Communes de Montesquieu www.cc-montesquieu.fr Le D\u00e9partement de la Gironde www.gironde.fr L&rsquo;IDDAC (Institut D\u00e9partemental de D\u00e9veloppement Artistique et Culturel)Agence culturelle de la Gironde. iddac.net\" \/>\n<meta property=\"og:url\" content=\"https:\/\/www.scenesbuissonnieres.com\/scenesB\/partenaires\/\" \/>\n<meta property=\"og:site_name\" content=\"Sc\u00e8nes Buissonni\u00e8res\" \/>\n<meta property=\"article:modified_time\" content=\"2023-06-12T15:53:51+00:00\" \/>\n<meta property=\"og:image\" content=\"http:\/\/www.scenesbuissonnieres.com\/scenesB\/wp-content\/uploads\/2021\/12\/logo_leognan_120.png\" \/>\n<meta name=\"twitter:card\" content=\"summary_large_image\" \/>\n<meta name=\"twitter:label1\" content=\"Dur\u00e9e de lecture estim\u00e9e\" \/>\n\t<meta name=\"twitter:data1\" content=\"4 minutes\" \/>\n<script type=\"application\/ld+json\" class=\"yoast-schema-graph\">{\"@context\":\"https:\/\/schema.org\",\"@graph\":[{\"@type\":\"WebPage\",\"@id\":\"https:\/\/www.scenesbuissonnieres.com\/scenesB\/partenaires\/\",\"url\":\"https:\/\/www.scenesbuissonnieres.com\/scenesB\/partenaires\/\",\"name\":\"Partenaires et Soutiens - Sc\u00e8nes Buissonni\u00e8res\",\"isPartOf\":{\"@id\":\"https:\/\/www.scenesbuissonnieres.com\/scenesB\/#website\"},\"datePublished\":\"2015-03-12T12:35:27+00:00\",\"dateModified\":\"2023-06-12T15:53:51+00:00\",\"breadcrumb\":{\"@id\":\"https:\/\/www.scenesbuissonnieres.com\/scenesB\/partenaires\/#breadcrumb\"},\"inLanguage\":\"fr-FR\",\"potentialAction\":[{\"@type\":\"ReadAction\",\"target\":[\"https:\/\/www.scenesbuissonnieres.com\/scenesB\/partenaires\/\"]}]},{\"@type\":\"BreadcrumbList\",\"@id\":\"https:\/\/www.scenesbuissonnieres.com\/scenesB\/partenaires\/#breadcrumb\",\"itemListElement\":[{\"@type\":\"ListItem\",\"position\":1,\"name\":\"Accueil\",\"item\":\"https:\/\/www.scenesbuissonnieres.com\/scenesB\/\"},{\"@type\":\"ListItem\",\"position\":2,\"name\":\"Partenaires et Soutiens\"}]},{\"@type\":\"WebSite\",\"@id\":\"https:\/\/www.scenesbuissonnieres.com\/scenesB\/#website\",\"url\":\"https:\/\/www.scenesbuissonnieres.com\/scenesB\/\",\"name\":\"Sc\u00e8nes Buissonni\u00e8res\",\"description\":\"Le Festival de Th\u00e9\u00e2tre\",\"publisher\":{\"@id\":\"https:\/\/www.scenesbuissonnieres.com\/scenesB\/#organization\"},\"potentialAction\":[{\"@type\":\"SearchAction\",\"target\":{\"@type\":\"EntryPoint\",\"urlTemplate\":\"https:\/\/www.scenesbuissonnieres.com\/scenesB\/?s={search_term_string}\"},\"query-input\":\"required name=search_term_string\"}],\"inLanguage\":\"fr-FR\"},{\"@type\":\"Organization\",\"@id\":\"https:\/\/www.scenesbuissonnieres.com\/scenesB\/#organization\",\"name\":\"Sc\u00e8nes Buissonni\u00e8res\",\"url\":\"https:\/\/www.scenesbuissonnieres.com\/scenesB\/\",\"logo\":{\"@type\":\"ImageObject\",\"inLanguage\":\"fr-FR\",\"@id\":\"https:\/\/www.scenesbuissonnieres.com\/scenesB\/#\/schema\/logo\/image\/\",\"url\":\"https:\/\/www.scenesbuissonnieres.com\/scenesB\/wp-content\/uploads\/2025\/12\/Bandeau_Site_2026.png\",\"contentUrl\":\"https:\/\/www.scenesbuissonnieres.com\/scenesB\/wp-content\/uploads\/2025\/12\/Bandeau_Site_2026.png\",\"width\":760,\"height\":200,\"caption\":\"Sc\u00e8nes Buissonni\u00e8res\"},\"image\":{\"@id\":\"https:\/\/www.scenesbuissonnieres.com\/scenesB\/#\/schema\/logo\/image\/\"}}]}<\/script>\n<!-- \/ Yoast SEO plugin. -->","yoast_head_json":{"title":"Partenaires et Soutiens - Sc\u00e8nes Buissonni\u00e8res","robots":{"index":"index","follow":"follow","max-snippet":"max-snippet:-1","max-image-preview":"max-image-preview:large","max-video-preview":"max-video-preview:-1"},"canonical":"https:\/\/www.scenesbuissonnieres.com\/scenesB\/partenaires\/","og_locale":"fr_FR","og_type":"article","og_title":"Partenaires et Soutiens - Sc\u00e8nes Buissonni\u00e8res","og_description":"Communaut\u00e9 de Communes de Montesquieu www.cc-montesquieu.fr Le D\u00e9partement de la Gironde www.gironde.fr L&rsquo;IDDAC (Institut D\u00e9partemental de D\u00e9veloppement Artistique et Culturel)Agence culturelle de la Gironde. iddac.net","og_url":"https:\/\/www.scenesbuissonnieres.com\/scenesB\/partenaires\/","og_site_name":"Sc\u00e8nes Buissonni\u00e8res","article_modified_time":"2023-06-12T15:53:51+00:00","og_image":[{"url":"http:\/\/www.scenesbuissonnieres.com\/scenesB\/wp-content\/uploads\/2021\/12\/logo_leognan_120.png"}],"twitter_card":"summary_large_image","twitter_misc":{"Dur\u00e9e de lecture estim\u00e9e":"4 minutes"},"schema":{"@context":"https:\/\/schema.org","@graph":[{"@type":"WebPage","@id":"https:\/\/www.scenesbuissonnieres.com\/scenesB\/partenaires\/","url":"https:\/\/www.scenesbuissonnieres.com\/scenesB\/partenaires\/","name":"Partenaires et Soutiens - Sc\u00e8nes Buissonni\u00e8res","isPartOf":{"@id":"https:\/\/www.scenesbuissonnieres.com\/scenesB\/#website"},"datePublished":"2015-03-12T12:35:27+00:00","dateModified":"2023-06-12T15:53:51+00:00","breadcrumb":{"@id":"https:\/\/www.scenesbuissonnieres.com\/scenesB\/partenaires\/#breadcrumb"},"inLanguage":"fr-FR","potentialAction":[{"@type":"ReadAction","target":["https:\/\/www.scenesbuissonnieres.com\/scenesB\/partenaires\/"]}]},{"@type":"BreadcrumbList","@id":"https:\/\/www.scenesbuissonnieres.com\/scenesB\/partenaires\/#breadcrumb","itemListElement":[{"@type":"ListItem","position":1,"name":"Accueil","item":"https:\/\/www.scenesbuissonnieres.com\/scenesB\/"},{"@type":"ListItem","position":2,"name":"Partenaires et Soutiens"}]},{"@type":"WebSite","@id":"https:\/\/www.scenesbuissonnieres.com\/scenesB\/#website","url":"https:\/\/www.scenesbuissonnieres.com\/scenesB\/","name":"Sc\u00e8nes Buissonni\u00e8res","description":"Le Festival de Th\u00e9\u00e2tre","publisher":{"@id":"https:\/\/www.scenesbuissonnieres.com\/scenesB\/#organization"},"potentialAction":[{"@type":"SearchAction","target":{"@type":"EntryPoint","urlTemplate":"https:\/\/www.scenesbuissonnieres.com\/scenesB\/?s={search_term_string}"},"query-input":"required name=search_term_string"}],"inLanguage":"fr-FR"},{"@type":"Organization","@id":"https:\/\/www.scenesbuissonnieres.com\/scenesB\/#organization","name":"Sc\u00e8nes Buissonni\u00e8res","url":"https:\/\/www.scenesbuissonnieres.com\/scenesB\/","logo":{"@type":"ImageObject","inLanguage":"fr-FR","@id":"https:\/\/www.scenesbuissonnieres.com\/scenesB\/#\/schema\/logo\/image\/","url":"https:\/\/www.scenesbuissonnieres.com\/scenesB\/wp-content\/uploads\/2025\/12\/Bandeau_Site_2026.png","contentUrl":"https:\/\/www.scenesbuissonnieres.com\/scenesB\/wp-content\/uploads\/2025\/12\/Bandeau_Site_2026.png","width":760,"height":200,"caption":"Sc\u00e8nes Buissonni\u00e8res"},"image":{"@id":"https:\/\/www.scenesbuissonnieres.com\/scenesB\/#\/schema\/logo\/image\/"}}]}},"_links":{"self":[{"href":"https:\/\/www.scenesbuissonnieres.com\/scenesB\/wp-json\/wp\/v2\/pages\/86"}],"collection":[{"href":"https:\/\/www.scenesbuissonnieres.com\/scenesB\/wp-json\/wp\/v2\/pages"}],"about":[{"href":"https:\/\/www.scenesbuissonnieres.com\/scenesB\/wp-json\/wp\/v2\/types\/page"}],"author":[{"embeddable":true,"href":"https:\/\/www.scenesbuissonnieres.com\/scenesB\/wp-json\/wp\/v2\/users\/1"}],"replies":[{"embeddable":true,"href":"https:\/\/www.scenesbuissonnieres.com\/scenesB\/wp-json\/wp\/v2\/comments?post=86"}],"version-history":[{"count":30,"href":"https:\/\/www.scenesbuissonnieres.com\/scenesB\/wp-json\/wp\/v2\/pages\/86\/revisions"}],"predecessor-version":[{"id":1271,"href":"https:\/\/www.scenesbuissonnieres.com\/scenesB\/wp-json\/wp\/v2\/pages\/86\/revisions\/1271"}],"wp:attachment":[{"href":"https:\/\/www.scenesbuissonnieres.com\/scenesB\/wp-json\/wp\/v2\/media?parent=86"}],"curies":[{"name":"wp","href":"https:\/\/api.w.org\/{rel}","templated":true}]}}