{"id":7,"date":"2014-12-04T09:31:49","date_gmt":"2014-12-04T09:31:49","guid":{"rendered":"http:\/\/www.scenesbuissonnieres.com\/scenesB\/?page_id=7"},"modified":"2018-06-10T19:09:16","modified_gmt":"2018-06-10T18:09:16","slug":"festival","status":"publish","type":"page","link":"https:\/\/www.scenesbuissonnieres.com\/scenesB\/festival\/","title":{"rendered":"Festival"},"content":{"rendered":"<p><span style=\"color: #008000;\"><strong>FESTIVAL DES SCENES BUISSONNIERES<\/strong><\/span><\/p>\n<p>Le Festival des Sc\u00e8nes Buissonni\u00e8res s\u2019installe hors salles de spectacles durant tout un week-end au sein d\u2019un village de la Communaut\u00e9 de Communes de Montesquieu en Gironde (r\u00e9gion des Graves au sud de Bordeaux). Petit et grand patrimoine, devient alors le d\u00e9cors naturel d\u2019une quarantaine de spectacles. Organis\u00e9 autour du th\u00e9\u00e2tre, le festival accueille chaque ann\u00e9e des propositions vari\u00e9es, prot\u00e9iformes, et couvrant le vaste champ du spectacle vivant. Le spectateur devient alors promeneur culturel, libre de cueillir, d\u00e9vorer, partir, revenir, d\u00e9couvrir, chercher\u2026<\/p>\n<p style=\"text-align: center;\"><img decoding=\"async\" loading=\"lazy\" class=\"alignnone\" src=\"\/scenesB\/wp-content\/images\/asso\/asso-6.jpg\" alt=\"\" width=\"300\" height=\"202\" \/> <img decoding=\"async\" loading=\"lazy\" class=\"alignnone\" src=\"\/scenesB\/wp-content\/images\/asso\/asso-7.jpg\" alt=\"\" width=\"300\" height=\"202\" \/>\u00a0 \u00a0<img decoding=\"async\" loading=\"lazy\" class=\"aligncenter\" src=\"\/scenesB\/wp-content\/images\/asso\/asso-8.jpg\" alt=\"\" width=\"300\" height=\"195\" \/><\/p>\n","protected":false},"excerpt":{"rendered":"<p>FESTIVAL DES SCENES BUISSONNIERES Le Festival des Sc\u00e8nes Buissonni\u00e8res s\u2019installe hors salles de spectacles durant tout un week-end au sein d\u2019un village de la Communaut\u00e9 de Communes de Montesquieu en Gironde (r\u00e9gion des Graves au sud de Bordeaux). Petit et &hellip;<\/p>\n<p class=\"read-more\"> <a class=\"more-link\" href=\"https:\/\/www.scenesbuissonnieres.com\/scenesB\/festival\/\"> <span class=\"screen-reader-text\">Festival<\/span> Read More &raquo;<\/a><\/p>\n","protected":false},"author":1,"featured_media":0,"parent":0,"menu_order":0,"comment_status":"closed","ping_status":"closed","template":"full-width-page.php","meta":[],"yoast_head":"<!-- This site is optimized with the Yoast SEO plugin v21.8.1 - https:\/\/yoast.com\/wordpress\/plugins\/seo\/ -->\n<title>Festival - Sc\u00e8nes Buissonni\u00e8res<\/title>\n<meta name=\"robots\" content=\"index, follow, max-snippet:-1, max-image-preview:large, max-video-preview:-1\" \/>\n<link rel=\"canonical\" href=\"https:\/\/www.scenesbuissonnieres.com\/scenesB\/festival\/\" \/>\n<meta property=\"og:locale\" content=\"fr_FR\" \/>\n<meta property=\"og:type\" content=\"article\" \/>\n<meta property=\"og:title\" content=\"Festival - Sc\u00e8nes Buissonni\u00e8res\" \/>\n<meta property=\"og:description\" content=\"FESTIVAL DES SCENES BUISSONNIERES Le Festival des Sc\u00e8nes Buissonni\u00e8res s\u2019installe hors salles de spectacles durant tout un week-end au sein d\u2019un village de la Communaut\u00e9 de Communes de Montesquieu en Gironde (r\u00e9gion des Graves au sud de Bordeaux). Petit et &hellip; Festival Read More &raquo;\" \/>\n<meta property=\"og:url\" content=\"https:\/\/www.scenesbuissonnieres.com\/scenesB\/festival\/\" \/>\n<meta property=\"og:site_name\" content=\"Sc\u00e8nes Buissonni\u00e8res\" \/>\n<meta property=\"article:modified_time\" content=\"2018-06-10T18:09:16+00:00\" \/>\n<meta name=\"twitter:card\" content=\"summary_large_image\" \/>\n<script type=\"application\/ld+json\" class=\"yoast-schema-graph\">{\"@context\":\"https:\/\/schema.org\",\"@graph\":[{\"@type\":\"WebPage\",\"@id\":\"https:\/\/www.scenesbuissonnieres.com\/scenesB\/festival\/\",\"url\":\"https:\/\/www.scenesbuissonnieres.com\/scenesB\/festival\/\",\"name\":\"Festival - Sc\u00e8nes Buissonni\u00e8res\",\"isPartOf\":{\"@id\":\"https:\/\/www.scenesbuissonnieres.com\/scenesB\/#website\"},\"datePublished\":\"2014-12-04T09:31:49+00:00\",\"dateModified\":\"2018-06-10T18:09:16+00:00\",\"breadcrumb\":{\"@id\":\"https:\/\/www.scenesbuissonnieres.com\/scenesB\/festival\/#breadcrumb\"},\"inLanguage\":\"fr-FR\",\"potentialAction\":[{\"@type\":\"ReadAction\",\"target\":[\"https:\/\/www.scenesbuissonnieres.com\/scenesB\/festival\/\"]}]},{\"@type\":\"BreadcrumbList\",\"@id\":\"https:\/\/www.scenesbuissonnieres.com\/scenesB\/festival\/#breadcrumb\",\"itemListElement\":[{\"@type\":\"ListItem\",\"position\":1,\"name\":\"Accueil\",\"item\":\"https:\/\/www.scenesbuissonnieres.com\/scenesB\/\"},{\"@type\":\"ListItem\",\"position\":2,\"name\":\"Festival\"}]},{\"@type\":\"WebSite\",\"@id\":\"https:\/\/www.scenesbuissonnieres.com\/scenesB\/#website\",\"url\":\"https:\/\/www.scenesbuissonnieres.com\/scenesB\/\",\"name\":\"Sc\u00e8nes Buissonni\u00e8res\",\"description\":\"Le Festival de Th\u00e9\u00e2tre\",\"publisher\":{\"@id\":\"https:\/\/www.scenesbuissonnieres.com\/scenesB\/#organization\"},\"potentialAction\":[{\"@type\":\"SearchAction\",\"target\":{\"@type\":\"EntryPoint\",\"urlTemplate\":\"https:\/\/www.scenesbuissonnieres.com\/scenesB\/?s={search_term_string}\"},\"query-input\":\"required name=search_term_string\"}],\"inLanguage\":\"fr-FR\"},{\"@type\":\"Organization\",\"@id\":\"https:\/\/www.scenesbuissonnieres.com\/scenesB\/#organization\",\"name\":\"Sc\u00e8nes Buissonni\u00e8res\",\"url\":\"https:\/\/www.scenesbuissonnieres.com\/scenesB\/\",\"logo\":{\"@type\":\"ImageObject\",\"inLanguage\":\"fr-FR\",\"@id\":\"https:\/\/www.scenesbuissonnieres.com\/scenesB\/#\/schema\/logo\/image\/\",\"url\":\"https:\/\/www.scenesbuissonnieres.com\/scenesB\/wp-content\/uploads\/2025\/12\/Bandeau_Site_2026.png\",\"contentUrl\":\"https:\/\/www.scenesbuissonnieres.com\/scenesB\/wp-content\/uploads\/2025\/12\/Bandeau_Site_2026.png\",\"width\":760,\"height\":200,\"caption\":\"Sc\u00e8nes Buissonni\u00e8res\"},\"image\":{\"@id\":\"https:\/\/www.scenesbuissonnieres.com\/scenesB\/#\/schema\/logo\/image\/\"}}]}<\/script>\n<!-- \/ Yoast SEO plugin. -->","yoast_head_json":{"title":"Festival - Sc\u00e8nes Buissonni\u00e8res","robots":{"index":"index","follow":"follow","max-snippet":"max-snippet:-1","max-image-preview":"max-image-preview:large","max-video-preview":"max-video-preview:-1"},"canonical":"https:\/\/www.scenesbuissonnieres.com\/scenesB\/festival\/","og_locale":"fr_FR","og_type":"article","og_title":"Festival - Sc\u00e8nes Buissonni\u00e8res","og_description":"FESTIVAL DES SCENES BUISSONNIERES Le Festival des Sc\u00e8nes Buissonni\u00e8res s\u2019installe hors salles de spectacles durant tout un week-end au sein d\u2019un village de la Communaut\u00e9 de Communes de Montesquieu en Gironde (r\u00e9gion des Graves au sud de Bordeaux). Petit et &hellip; Festival Read More &raquo;","og_url":"https:\/\/www.scenesbuissonnieres.com\/scenesB\/festival\/","og_site_name":"Sc\u00e8nes Buissonni\u00e8res","article_modified_time":"2018-06-10T18:09:16+00:00","twitter_card":"summary_large_image","schema":{"@context":"https:\/\/schema.org","@graph":[{"@type":"WebPage","@id":"https:\/\/www.scenesbuissonnieres.com\/scenesB\/festival\/","url":"https:\/\/www.scenesbuissonnieres.com\/scenesB\/festival\/","name":"Festival - Sc\u00e8nes Buissonni\u00e8res","isPartOf":{"@id":"https:\/\/www.scenesbuissonnieres.com\/scenesB\/#website"},"datePublished":"2014-12-04T09:31:49+00:00","dateModified":"2018-06-10T18:09:16+00:00","breadcrumb":{"@id":"https:\/\/www.scenesbuissonnieres.com\/scenesB\/festival\/#breadcrumb"},"inLanguage":"fr-FR","potentialAction":[{"@type":"ReadAction","target":["https:\/\/www.scenesbuissonnieres.com\/scenesB\/festival\/"]}]},{"@type":"BreadcrumbList","@id":"https:\/\/www.scenesbuissonnieres.com\/scenesB\/festival\/#breadcrumb","itemListElement":[{"@type":"ListItem","position":1,"name":"Accueil","item":"https:\/\/www.scenesbuissonnieres.com\/scenesB\/"},{"@type":"ListItem","position":2,"name":"Festival"}]},{"@type":"WebSite","@id":"https:\/\/www.scenesbuissonnieres.com\/scenesB\/#website","url":"https:\/\/www.scenesbuissonnieres.com\/scenesB\/","name":"Sc\u00e8nes Buissonni\u00e8res","description":"Le Festival de Th\u00e9\u00e2tre","publisher":{"@id":"https:\/\/www.scenesbuissonnieres.com\/scenesB\/#organization"},"potentialAction":[{"@type":"SearchAction","target":{"@type":"EntryPoint","urlTemplate":"https:\/\/www.scenesbuissonnieres.com\/scenesB\/?s={search_term_string}"},"query-input":"required name=search_term_string"}],"inLanguage":"fr-FR"},{"@type":"Organization","@id":"https:\/\/www.scenesbuissonnieres.com\/scenesB\/#organization","name":"Sc\u00e8nes Buissonni\u00e8res","url":"https:\/\/www.scenesbuissonnieres.com\/scenesB\/","logo":{"@type":"ImageObject","inLanguage":"fr-FR","@id":"https:\/\/www.scenesbuissonnieres.com\/scenesB\/#\/schema\/logo\/image\/","url":"https:\/\/www.scenesbuissonnieres.com\/scenesB\/wp-content\/uploads\/2025\/12\/Bandeau_Site_2026.png","contentUrl":"https:\/\/www.scenesbuissonnieres.com\/scenesB\/wp-content\/uploads\/2025\/12\/Bandeau_Site_2026.png","width":760,"height":200,"caption":"Sc\u00e8nes Buissonni\u00e8res"},"image":{"@id":"https:\/\/www.scenesbuissonnieres.com\/scenesB\/#\/schema\/logo\/image\/"}}]}},"_links":{"self":[{"href":"https:\/\/www.scenesbuissonnieres.com\/scenesB\/wp-json\/wp\/v2\/pages\/7"}],"collection":[{"href":"https:\/\/www.scenesbuissonnieres.com\/scenesB\/wp-json\/wp\/v2\/pages"}],"about":[{"href":"https:\/\/www.scenesbuissonnieres.com\/scenesB\/wp-json\/wp\/v2\/types\/page"}],"author":[{"embeddable":true,"href":"https:\/\/www.scenesbuissonnieres.com\/scenesB\/wp-json\/wp\/v2\/users\/1"}],"replies":[{"embeddable":true,"href":"https:\/\/www.scenesbuissonnieres.com\/scenesB\/wp-json\/wp\/v2\/comments?post=7"}],"version-history":[{"count":7,"href":"https:\/\/www.scenesbuissonnieres.com\/scenesB\/wp-json\/wp\/v2\/pages\/7\/revisions"}],"predecessor-version":[{"id":1111,"href":"https:\/\/www.scenesbuissonnieres.com\/scenesB\/wp-json\/wp\/v2\/pages\/7\/revisions\/1111"}],"wp:attachment":[{"href":"https:\/\/www.scenesbuissonnieres.com\/scenesB\/wp-json\/wp\/v2\/media?parent=7"}],"curies":[{"name":"wp","href":"https:\/\/api.w.org\/{rel}","templated":true}]}}