{"id":123,"date":"2016-01-08T18:38:15","date_gmt":"2016-01-08T18:38:15","guid":{"rendered":"http:\/\/www.scenesbuissonnieres.com\/scenesB\/?page_id=123"},"modified":"2018-06-04T19:03:50","modified_gmt":"2018-06-04T18:03:50","slug":"la-presse","status":"publish","type":"page","link":"https:\/\/www.scenesbuissonnieres.com\/scenesB\/la-presse\/","title":{"rendered":"La Presse"},"content":{"rendered":"<p><a href=\"\/scenesB\/wp-content\/documents\/presse\/2017.pdf\" target=\"_blank\" rel=\"noopener\"><img decoding=\"async\" src=\"\/scenesB\/wp-content\/images\/presse.png\" alt=\"Revue de presse 2017\" \/>Revue de Presse 2017<\/a><\/p>\n<p><strong>DECOUVREZ LES ARTICLES DE PRESSE DES ANNEES PRECEDENTES<\/strong><\/p>\n<p><a href=\"\/scenesB\/wp-content\/documents\/presse\/2016.pdf\" target=\"_blank\" rel=\"noopener\"><img decoding=\"async\" src=\"\/scenesB\/wp-content\/images\/presse_mini.png\" alt=\"Revue de presse 2016\" \/>Presse 2016<\/a><a href=\"\/scenesB\/wp-content\/documents\/presse\/2015.pdf\" target=\"_blank\" rel=\"noopener\"><img decoding=\"async\" src=\"\/scenesB\/wp-content\/images\/presse_mini.png\" alt=\"Revue de presse 2015\" \/>Presse 2015<\/a><a href=\"\/scenesB\/wp-content\/documents\/presse\/2014.pdf\" target=\"_blank\" rel=\"noopener\"><img decoding=\"async\" src=\"\/scenesB\/wp-content\/images\/presse_mini.png\" alt=\"Revue de presse 2014\" \/>Presse 2014<\/a> <a href=\"\/scenesB\/wp-content\/documents\/presse\/2013.pdf\" target=\"_blank\" rel=\"noopener\"><img decoding=\"async\" src=\"\/scenesB\/wp-content\/images\/presse_mini.png\" alt=\"Revue de presse 2013\" \/>Presse 2013<\/a> <a href=\"\/scenesB\/wp-content\/documents\/presse\/2012.pdf\" target=\"_blank\" rel=\"noopener\"><img decoding=\"async\" src=\"\/scenesB\/wp-content\/images\/presse_mini.png\" alt=\"Revue de presse 2012\" \/>Presse 2012<\/a><\/p>\n<p><a href=\"\/scenesB\/wp-content\/documents\/presse\/2011.pdf\" target=\"_blank\" rel=\"noopener\"><img decoding=\"async\" src=\"\/scenesB\/wp-content\/images\/presse_mini.png\" alt=\"Revue de presse 2011\" \/>Presse 2011<\/a><a href=\"\/scenesB\/wp-content\/documents\/presse\/2010.pdf\" target=\"_blank\" rel=\"noopener\"><img decoding=\"async\" src=\"\/scenesB\/wp-content\/images\/presse_mini.png\" alt=\"Revue de presse 2010\" \/>Presse 2010<\/a><a href=\"\/scenesB\/wp-content\/documents\/presse\/2009.pdf\" target=\"_blank\" rel=\"noopener\"><img decoding=\"async\" src=\"\/scenesB\/wp-content\/images\/presse_mini.png\" alt=\"Revue de presse 2009\" \/>Presse 2009<\/a><a href=\"\/scenesB\/wp-content\/documents\/presse\/2008.pdf\" target=\"_blank\" rel=\"noopener\"><img decoding=\"async\" src=\"\/scenesB\/wp-content\/images\/presse_mini.png\" alt=\"Revue de presse 2008\" \/>Presse 2008<\/a><a href=\"\/scenesB\/wp-content\/documents\/presse\/2005.pdf\" target=\"_blank\" rel=\"noopener\"><img decoding=\"async\" src=\"\/scenesB\/wp-content\/images\/presse_mini.png\" alt=\"Revue de presse 2005\" \/>Presse 2005<\/a><\/p>\n<p><a href=\"\/scenesB\/wp-content\/documents\/presse\/2004.pdf\" target=\"_blank\" rel=\"noopener\"><img decoding=\"async\" src=\"\/scenesB\/wp-content\/images\/presse_mini.png\" alt=\"Revue de presse 2004\" \/>Presse 2004<\/a><a href=\"\/scenesB\/wp-content\/documents\/presse\/2003.pdf\" target=\"_blank\" rel=\"noopener\"><img decoding=\"async\" src=\"\/scenesB\/wp-content\/images\/presse_mini.png\" alt=\"Revue de presse 2003\" \/>Presse 2003<\/a><a href=\"\/scenesB\/wp-content\/documents\/presse\/2002.pdf\" target=\"_blank\" rel=\"noopener\"><img decoding=\"async\" src=\"\/scenesB\/wp-content\/images\/presse_mini.png\" alt=\"Revue de presse 2002\" \/>Presse 2002<\/a><a href=\"\/scenesB\/wp-content\/documents\/presse\/2001.pdf\" target=\"_blank\" rel=\"noopener\"><img decoding=\"async\" src=\"\/scenesB\/wp-content\/images\/presse_mini.png\" alt=\"Revue de presse 2001\" \/>Presse 2001<\/a><a href=\"\/scenesB\/wp-content\/documents\/presse\/2000.pdf\" target=\"_blank\" rel=\"noopener\"><img decoding=\"async\" src=\"\/scenesB\/wp-content\/images\/presse_mini.png\" alt=\"Revue de presse 2000\" \/>Presse 2000<\/a><\/p>\n<p><a href=\"\/scenesB\/wp-content\/documents\/presse\/1999.pdf\" target=\"_blank\" rel=\"noopener\"><img decoding=\"async\" src=\"\/scenesB\/wp-content\/images\/presse_mini.png\" alt=\"Revue de presse 1999\" \/>Presse 1999<\/a><\/p>\n","protected":false},"excerpt":{"rendered":"<p>Revue de Presse 2017 DECOUVREZ LES ARTICLES DE PRESSE DES ANNEES PRECEDENTES Presse 2016Presse 2015Presse 2014 Presse 2013 Presse 2012 Presse 2011Presse 2010Presse 2009Presse 2008Presse 2005 Presse 2004Presse 2003Presse 2002Presse 2001Presse 2000 Presse 1999<\/p>\n","protected":false},"author":1,"featured_media":0,"parent":0,"menu_order":0,"comment_status":"closed","ping_status":"closed","template":"full-width-page.php","meta":[],"yoast_head":"<!-- This site is optimized with the Yoast SEO plugin v21.8.1 - https:\/\/yoast.com\/wordpress\/plugins\/seo\/ -->\n<title>La Presse - Sc\u00e8nes Buissonni\u00e8res<\/title>\n<meta name=\"robots\" content=\"index, follow, max-snippet:-1, max-image-preview:large, max-video-preview:-1\" \/>\n<link rel=\"canonical\" href=\"http:\/\/www.scenesbuissonnieres.com\/scenesB\/la-presse\/\" \/>\n<meta property=\"og:locale\" content=\"fr_FR\" \/>\n<meta property=\"og:type\" content=\"article\" \/>\n<meta property=\"og:title\" content=\"La Presse - Sc\u00e8nes Buissonni\u00e8res\" \/>\n<meta property=\"og:description\" content=\"Revue de Presse 2017 DECOUVREZ LES ARTICLES DE PRESSE DES ANNEES PRECEDENTES Presse 2016Presse 2015Presse 2014 Presse 2013 Presse 2012 Presse 2011Presse 2010Presse 2009Presse 2008Presse 2005 Presse 2004Presse 2003Presse 2002Presse 2001Presse 2000 Presse 1999\" \/>\n<meta property=\"og:url\" content=\"http:\/\/www.scenesbuissonnieres.com\/scenesB\/la-presse\/\" \/>\n<meta property=\"og:site_name\" content=\"Sc\u00e8nes Buissonni\u00e8res\" \/>\n<meta property=\"article:modified_time\" content=\"2018-06-04T18:03:50+00:00\" \/>\n<meta name=\"twitter:card\" content=\"summary_large_image\" \/>\n<script type=\"application\/ld+json\" class=\"yoast-schema-graph\">{\"@context\":\"https:\/\/schema.org\",\"@graph\":[{\"@type\":\"WebPage\",\"@id\":\"http:\/\/www.scenesbuissonnieres.com\/scenesB\/la-presse\/\",\"url\":\"http:\/\/www.scenesbuissonnieres.com\/scenesB\/la-presse\/\",\"name\":\"La Presse - Sc\u00e8nes Buissonni\u00e8res\",\"isPartOf\":{\"@id\":\"http:\/\/www.scenesbuissonnieres.com\/scenesB\/#website\"},\"datePublished\":\"2016-01-08T18:38:15+00:00\",\"dateModified\":\"2018-06-04T18:03:50+00:00\",\"breadcrumb\":{\"@id\":\"http:\/\/www.scenesbuissonnieres.com\/scenesB\/la-presse\/#breadcrumb\"},\"inLanguage\":\"fr-FR\",\"potentialAction\":[{\"@type\":\"ReadAction\",\"target\":[\"http:\/\/www.scenesbuissonnieres.com\/scenesB\/la-presse\/\"]}]},{\"@type\":\"BreadcrumbList\",\"@id\":\"http:\/\/www.scenesbuissonnieres.com\/scenesB\/la-presse\/#breadcrumb\",\"itemListElement\":[{\"@type\":\"ListItem\",\"position\":1,\"name\":\"Accueil\",\"item\":\"http:\/\/www.scenesbuissonnieres.com\/scenesB\/\"},{\"@type\":\"ListItem\",\"position\":2,\"name\":\"La Presse\"}]},{\"@type\":\"WebSite\",\"@id\":\"http:\/\/www.scenesbuissonnieres.com\/scenesB\/#website\",\"url\":\"http:\/\/www.scenesbuissonnieres.com\/scenesB\/\",\"name\":\"Sc\u00e8nes Buissonni\u00e8res\",\"description\":\"Le Festival de Th\u00e9\u00e2tre\",\"publisher\":{\"@id\":\"http:\/\/www.scenesbuissonnieres.com\/scenesB\/#organization\"},\"potentialAction\":[{\"@type\":\"SearchAction\",\"target\":{\"@type\":\"EntryPoint\",\"urlTemplate\":\"http:\/\/www.scenesbuissonnieres.com\/scenesB\/?s={search_term_string}\"},\"query-input\":\"required name=search_term_string\"}],\"inLanguage\":\"fr-FR\"},{\"@type\":\"Organization\",\"@id\":\"http:\/\/www.scenesbuissonnieres.com\/scenesB\/#organization\",\"name\":\"Sc\u00e8nes Buissonni\u00e8res\",\"url\":\"http:\/\/www.scenesbuissonnieres.com\/scenesB\/\",\"logo\":{\"@type\":\"ImageObject\",\"inLanguage\":\"fr-FR\",\"@id\":\"http:\/\/www.scenesbuissonnieres.com\/scenesB\/#\/schema\/logo\/image\/\",\"url\":\"https:\/\/www.scenesbuissonnieres.com\/scenesB\/wp-content\/uploads\/2025\/12\/Bandeau_Site_2026.png\",\"contentUrl\":\"https:\/\/www.scenesbuissonnieres.com\/scenesB\/wp-content\/uploads\/2025\/12\/Bandeau_Site_2026.png\",\"width\":760,\"height\":200,\"caption\":\"Sc\u00e8nes Buissonni\u00e8res\"},\"image\":{\"@id\":\"http:\/\/www.scenesbuissonnieres.com\/scenesB\/#\/schema\/logo\/image\/\"}}]}<\/script>\n<!-- \/ Yoast SEO plugin. -->","yoast_head_json":{"title":"La Presse - Sc\u00e8nes Buissonni\u00e8res","robots":{"index":"index","follow":"follow","max-snippet":"max-snippet:-1","max-image-preview":"max-image-preview:large","max-video-preview":"max-video-preview:-1"},"canonical":"http:\/\/www.scenesbuissonnieres.com\/scenesB\/la-presse\/","og_locale":"fr_FR","og_type":"article","og_title":"La Presse - Sc\u00e8nes Buissonni\u00e8res","og_description":"Revue de Presse 2017 DECOUVREZ LES ARTICLES DE PRESSE DES ANNEES PRECEDENTES Presse 2016Presse 2015Presse 2014 Presse 2013 Presse 2012 Presse 2011Presse 2010Presse 2009Presse 2008Presse 2005 Presse 2004Presse 2003Presse 2002Presse 2001Presse 2000 Presse 1999","og_url":"http:\/\/www.scenesbuissonnieres.com\/scenesB\/la-presse\/","og_site_name":"Sc\u00e8nes Buissonni\u00e8res","article_modified_time":"2018-06-04T18:03:50+00:00","twitter_card":"summary_large_image","schema":{"@context":"https:\/\/schema.org","@graph":[{"@type":"WebPage","@id":"http:\/\/www.scenesbuissonnieres.com\/scenesB\/la-presse\/","url":"http:\/\/www.scenesbuissonnieres.com\/scenesB\/la-presse\/","name":"La Presse - Sc\u00e8nes Buissonni\u00e8res","isPartOf":{"@id":"http:\/\/www.scenesbuissonnieres.com\/scenesB\/#website"},"datePublished":"2016-01-08T18:38:15+00:00","dateModified":"2018-06-04T18:03:50+00:00","breadcrumb":{"@id":"http:\/\/www.scenesbuissonnieres.com\/scenesB\/la-presse\/#breadcrumb"},"inLanguage":"fr-FR","potentialAction":[{"@type":"ReadAction","target":["http:\/\/www.scenesbuissonnieres.com\/scenesB\/la-presse\/"]}]},{"@type":"BreadcrumbList","@id":"http:\/\/www.scenesbuissonnieres.com\/scenesB\/la-presse\/#breadcrumb","itemListElement":[{"@type":"ListItem","position":1,"name":"Accueil","item":"http:\/\/www.scenesbuissonnieres.com\/scenesB\/"},{"@type":"ListItem","position":2,"name":"La Presse"}]},{"@type":"WebSite","@id":"http:\/\/www.scenesbuissonnieres.com\/scenesB\/#website","url":"http:\/\/www.scenesbuissonnieres.com\/scenesB\/","name":"Sc\u00e8nes Buissonni\u00e8res","description":"Le Festival de Th\u00e9\u00e2tre","publisher":{"@id":"http:\/\/www.scenesbuissonnieres.com\/scenesB\/#organization"},"potentialAction":[{"@type":"SearchAction","target":{"@type":"EntryPoint","urlTemplate":"http:\/\/www.scenesbuissonnieres.com\/scenesB\/?s={search_term_string}"},"query-input":"required name=search_term_string"}],"inLanguage":"fr-FR"},{"@type":"Organization","@id":"http:\/\/www.scenesbuissonnieres.com\/scenesB\/#organization","name":"Sc\u00e8nes Buissonni\u00e8res","url":"http:\/\/www.scenesbuissonnieres.com\/scenesB\/","logo":{"@type":"ImageObject","inLanguage":"fr-FR","@id":"http:\/\/www.scenesbuissonnieres.com\/scenesB\/#\/schema\/logo\/image\/","url":"https:\/\/www.scenesbuissonnieres.com\/scenesB\/wp-content\/uploads\/2025\/12\/Bandeau_Site_2026.png","contentUrl":"https:\/\/www.scenesbuissonnieres.com\/scenesB\/wp-content\/uploads\/2025\/12\/Bandeau_Site_2026.png","width":760,"height":200,"caption":"Sc\u00e8nes Buissonni\u00e8res"},"image":{"@id":"http:\/\/www.scenesbuissonnieres.com\/scenesB\/#\/schema\/logo\/image\/"}}]}},"_links":{"self":[{"href":"https:\/\/www.scenesbuissonnieres.com\/scenesB\/wp-json\/wp\/v2\/pages\/123"}],"collection":[{"href":"https:\/\/www.scenesbuissonnieres.com\/scenesB\/wp-json\/wp\/v2\/pages"}],"about":[{"href":"https:\/\/www.scenesbuissonnieres.com\/scenesB\/wp-json\/wp\/v2\/types\/page"}],"author":[{"embeddable":true,"href":"https:\/\/www.scenesbuissonnieres.com\/scenesB\/wp-json\/wp\/v2\/users\/1"}],"replies":[{"embeddable":true,"href":"https:\/\/www.scenesbuissonnieres.com\/scenesB\/wp-json\/wp\/v2\/comments?post=123"}],"version-history":[{"count":3,"href":"https:\/\/www.scenesbuissonnieres.com\/scenesB\/wp-json\/wp\/v2\/pages\/123\/revisions"}],"predecessor-version":[{"id":1331,"href":"https:\/\/www.scenesbuissonnieres.com\/scenesB\/wp-json\/wp\/v2\/pages\/123\/revisions\/1331"}],"wp:attachment":[{"href":"https:\/\/www.scenesbuissonnieres.com\/scenesB\/wp-json\/wp\/v2\/media?parent=123"}],"curies":[{"name":"wp","href":"https:\/\/api.w.org\/{rel}","templated":true}]}}