{"id":118,"date":"2016-01-08T18:12:14","date_gmt":"2016-01-08T18:12:14","guid":{"rendered":"http:\/\/www.scenesbuissonnieres.com\/scenesB\/?page_id=118"},"modified":"2026-01-05T19:22:09","modified_gmt":"2026-01-05T18:22:09","slug":"les-diaporamas","status":"publish","type":"page","link":"https:\/\/www.scenesbuissonnieres.com\/scenesB\/festival\/les-diaporamas\/","title":{"rendered":"Les diaporamas"},"content":{"rendered":"\n<p><\/p>\n\n\n\n<p><\/p>\n\n\n<p><a href=\"http:\/\/lacyclopesteam.blogspot.fr\/\" target=\"_blank\" rel=\"noopener noreferrer\"><img decoding=\"async\" src=\"\/scenesB\/wp-content\/images\/diaporama.png\" alt=\"Diaporama depuis 2009\"><\/a> <a href=\"\/scenesB\/diaporama2014\/diaporama.html\" target=\"_blank\" rel=\"noopener noreferrer\"><img decoding=\"async\" src=\"\/scenesB\/wp-content\/images\/diapo2014.png\" alt=\"Diaporama 2014\"><\/a> <a href=\"\/scenesB\/diaporama2013\/diaporama.html\" target=\"_blank\" rel=\"noopener noreferrer\"><img decoding=\"async\" src=\"\/scenesB\/wp-content\/images\/diapo2013.png\" alt=\"Diaporama 2013\"><\/a> <a href=\"\/scenesB\/diaporama2012\/diaporama.html\" target=\"_blank\" rel=\"noopener noreferrer\"><img decoding=\"async\" src=\"\/scenesB\/wp-content\/images\/diapo2012.png\" alt=\"Diaporama 2012\"><\/a> <a href=\"\/scenesB\/diaporama2011\/diaporama.html\" target=\"_blank\" rel=\"noopener noreferrer\"><img decoding=\"async\" src=\"\/scenesB\/wp-content\/images\/diapo2011.png\" alt=\"Diaporama 2011\"><\/a> <a href=\"\/scenesB\/diaporama2010\/diaporama.html\" target=\"_blank\" rel=\"noopener noreferrer\"><img decoding=\"async\" src=\"\/scenesB\/wp-content\/images\/diapo2010.png\" alt=\"Diaporama 2010\"><\/a> <a href=\"\/scenesB\/diaporama2009\/diaporama.html\" target=\"_blank\" rel=\"noopener noreferrer\"><img decoding=\"async\" src=\"\/scenesB\/wp-content\/images\/diapo2009.png\" alt=\"Diaporama 20009\"><\/a><\/p>\n<p>&nbsp;<\/p>\n<h1>Les vid\u00e9os<\/h1>\n<p>&nbsp;<\/p>\n<p><a href=\"\/scenesB\/videos\/Video2025.mp4\" target=\"_blank\" rel=\"noopener noreferrer\"><img decoding=\"async\" src=\"\/scenesB\/wp-content\/images\/diapo2025.png\"><\/a> <a href=\"\/scenesB\/videos\/Video2023.mp4\" target=\"_blank\" rel=\"noopener noreferrer\"><img decoding=\"async\" src=\"\/scenesB\/wp-content\/images\/diapo2023.png\"><\/a>&nbsp;<a href=\"\/scenesB\/videos\/Video2021.mp4\" target=\"_blank\" rel=\"noopener noreferrer\"><img decoding=\"async\" src=\"\/scenesB\/wp-content\/images\/diapo2021.png\"><\/a>&nbsp;<\/p>\n\n\n<pre class=\"wp-block-code\"><code><\/code><\/pre>\n\n\n\n<p><\/p>\n","protected":false},"excerpt":{"rendered":"<p>&nbsp; Les vid\u00e9os &nbsp; &nbsp;&nbsp;<\/p>\n","protected":false},"author":1,"featured_media":0,"parent":7,"menu_order":0,"comment_status":"closed","ping_status":"closed","template":"full-width-page.php","meta":[],"yoast_head":"<!-- This site is optimized with the Yoast SEO plugin v21.8.1 - https:\/\/yoast.com\/wordpress\/plugins\/seo\/ -->\n<title>Les diaporamas - Sc\u00e8nes Buissonni\u00e8res<\/title>\n<meta name=\"robots\" content=\"index, follow, max-snippet:-1, max-image-preview:large, max-video-preview:-1\" \/>\n<link rel=\"canonical\" href=\"https:\/\/www.scenesbuissonnieres.com\/scenesB\/festival\/les-diaporamas\/\" \/>\n<meta property=\"og:locale\" content=\"fr_FR\" \/>\n<meta property=\"og:type\" content=\"article\" \/>\n<meta property=\"og:title\" content=\"Les diaporamas - Sc\u00e8nes Buissonni\u00e8res\" \/>\n<meta property=\"og:description\" content=\"&nbsp; Les vid\u00e9os &nbsp; &nbsp;&nbsp;\" \/>\n<meta property=\"og:url\" content=\"https:\/\/www.scenesbuissonnieres.com\/scenesB\/festival\/les-diaporamas\/\" \/>\n<meta property=\"og:site_name\" content=\"Sc\u00e8nes Buissonni\u00e8res\" \/>\n<meta property=\"article:modified_time\" content=\"2026-01-05T18:22:09+00:00\" \/>\n<meta name=\"twitter:card\" content=\"summary_large_image\" \/>\n<meta name=\"twitter:label1\" content=\"Dur\u00e9e de lecture estim\u00e9e\" \/>\n\t<meta name=\"twitter:data1\" content=\"3 minutes\" \/>\n<script type=\"application\/ld+json\" class=\"yoast-schema-graph\">{\"@context\":\"https:\/\/schema.org\",\"@graph\":[{\"@type\":\"WebPage\",\"@id\":\"https:\/\/www.scenesbuissonnieres.com\/scenesB\/festival\/les-diaporamas\/\",\"url\":\"https:\/\/www.scenesbuissonnieres.com\/scenesB\/festival\/les-diaporamas\/\",\"name\":\"Les diaporamas - Sc\u00e8nes Buissonni\u00e8res\",\"isPartOf\":{\"@id\":\"http:\/\/www.scenesbuissonnieres.com\/scenesB\/#website\"},\"datePublished\":\"2016-01-08T18:12:14+00:00\",\"dateModified\":\"2026-01-05T18:22:09+00:00\",\"breadcrumb\":{\"@id\":\"https:\/\/www.scenesbuissonnieres.com\/scenesB\/festival\/les-diaporamas\/#breadcrumb\"},\"inLanguage\":\"fr-FR\",\"potentialAction\":[{\"@type\":\"ReadAction\",\"target\":[\"https:\/\/www.scenesbuissonnieres.com\/scenesB\/festival\/les-diaporamas\/\"]}]},{\"@type\":\"BreadcrumbList\",\"@id\":\"https:\/\/www.scenesbuissonnieres.com\/scenesB\/festival\/les-diaporamas\/#breadcrumb\",\"itemListElement\":[{\"@type\":\"ListItem\",\"position\":1,\"name\":\"Accueil\",\"item\":\"http:\/\/www.scenesbuissonnieres.com\/scenesB\/\"},{\"@type\":\"ListItem\",\"position\":2,\"name\":\"Festival\",\"item\":\"https:\/\/www.scenesbuissonnieres.com\/scenesB\/festival\/\"},{\"@type\":\"ListItem\",\"position\":3,\"name\":\"Les diaporamas\"}]},{\"@type\":\"WebSite\",\"@id\":\"http:\/\/www.scenesbuissonnieres.com\/scenesB\/#website\",\"url\":\"http:\/\/www.scenesbuissonnieres.com\/scenesB\/\",\"name\":\"Sc\u00e8nes Buissonni\u00e8res\",\"description\":\"Le Festival de Th\u00e9\u00e2tre\",\"publisher\":{\"@id\":\"http:\/\/www.scenesbuissonnieres.com\/scenesB\/#organization\"},\"potentialAction\":[{\"@type\":\"SearchAction\",\"target\":{\"@type\":\"EntryPoint\",\"urlTemplate\":\"http:\/\/www.scenesbuissonnieres.com\/scenesB\/?s={search_term_string}\"},\"query-input\":\"required name=search_term_string\"}],\"inLanguage\":\"fr-FR\"},{\"@type\":\"Organization\",\"@id\":\"http:\/\/www.scenesbuissonnieres.com\/scenesB\/#organization\",\"name\":\"Sc\u00e8nes Buissonni\u00e8res\",\"url\":\"http:\/\/www.scenesbuissonnieres.com\/scenesB\/\",\"logo\":{\"@type\":\"ImageObject\",\"inLanguage\":\"fr-FR\",\"@id\":\"http:\/\/www.scenesbuissonnieres.com\/scenesB\/#\/schema\/logo\/image\/\",\"url\":\"https:\/\/www.scenesbuissonnieres.com\/scenesB\/wp-content\/uploads\/2025\/12\/Bandeau_Site_2026.png\",\"contentUrl\":\"https:\/\/www.scenesbuissonnieres.com\/scenesB\/wp-content\/uploads\/2025\/12\/Bandeau_Site_2026.png\",\"width\":760,\"height\":200,\"caption\":\"Sc\u00e8nes Buissonni\u00e8res\"},\"image\":{\"@id\":\"http:\/\/www.scenesbuissonnieres.com\/scenesB\/#\/schema\/logo\/image\/\"}}]}<\/script>\n<!-- \/ Yoast SEO plugin. -->","yoast_head_json":{"title":"Les diaporamas - Sc\u00e8nes Buissonni\u00e8res","robots":{"index":"index","follow":"follow","max-snippet":"max-snippet:-1","max-image-preview":"max-image-preview:large","max-video-preview":"max-video-preview:-1"},"canonical":"https:\/\/www.scenesbuissonnieres.com\/scenesB\/festival\/les-diaporamas\/","og_locale":"fr_FR","og_type":"article","og_title":"Les diaporamas - Sc\u00e8nes Buissonni\u00e8res","og_description":"&nbsp; Les vid\u00e9os &nbsp; &nbsp;&nbsp;","og_url":"https:\/\/www.scenesbuissonnieres.com\/scenesB\/festival\/les-diaporamas\/","og_site_name":"Sc\u00e8nes Buissonni\u00e8res","article_modified_time":"2026-01-05T18:22:09+00:00","twitter_card":"summary_large_image","twitter_misc":{"Dur\u00e9e de lecture estim\u00e9e":"3 minutes"},"schema":{"@context":"https:\/\/schema.org","@graph":[{"@type":"WebPage","@id":"https:\/\/www.scenesbuissonnieres.com\/scenesB\/festival\/les-diaporamas\/","url":"https:\/\/www.scenesbuissonnieres.com\/scenesB\/festival\/les-diaporamas\/","name":"Les diaporamas - Sc\u00e8nes Buissonni\u00e8res","isPartOf":{"@id":"http:\/\/www.scenesbuissonnieres.com\/scenesB\/#website"},"datePublished":"2016-01-08T18:12:14+00:00","dateModified":"2026-01-05T18:22:09+00:00","breadcrumb":{"@id":"https:\/\/www.scenesbuissonnieres.com\/scenesB\/festival\/les-diaporamas\/#breadcrumb"},"inLanguage":"fr-FR","potentialAction":[{"@type":"ReadAction","target":["https:\/\/www.scenesbuissonnieres.com\/scenesB\/festival\/les-diaporamas\/"]}]},{"@type":"BreadcrumbList","@id":"https:\/\/www.scenesbuissonnieres.com\/scenesB\/festival\/les-diaporamas\/#breadcrumb","itemListElement":[{"@type":"ListItem","position":1,"name":"Accueil","item":"http:\/\/www.scenesbuissonnieres.com\/scenesB\/"},{"@type":"ListItem","position":2,"name":"Festival","item":"https:\/\/www.scenesbuissonnieres.com\/scenesB\/festival\/"},{"@type":"ListItem","position":3,"name":"Les diaporamas"}]},{"@type":"WebSite","@id":"http:\/\/www.scenesbuissonnieres.com\/scenesB\/#website","url":"http:\/\/www.scenesbuissonnieres.com\/scenesB\/","name":"Sc\u00e8nes Buissonni\u00e8res","description":"Le Festival de Th\u00e9\u00e2tre","publisher":{"@id":"http:\/\/www.scenesbuissonnieres.com\/scenesB\/#organization"},"potentialAction":[{"@type":"SearchAction","target":{"@type":"EntryPoint","urlTemplate":"http:\/\/www.scenesbuissonnieres.com\/scenesB\/?s={search_term_string}"},"query-input":"required name=search_term_string"}],"inLanguage":"fr-FR"},{"@type":"Organization","@id":"http:\/\/www.scenesbuissonnieres.com\/scenesB\/#organization","name":"Sc\u00e8nes Buissonni\u00e8res","url":"http:\/\/www.scenesbuissonnieres.com\/scenesB\/","logo":{"@type":"ImageObject","inLanguage":"fr-FR","@id":"http:\/\/www.scenesbuissonnieres.com\/scenesB\/#\/schema\/logo\/image\/","url":"https:\/\/www.scenesbuissonnieres.com\/scenesB\/wp-content\/uploads\/2025\/12\/Bandeau_Site_2026.png","contentUrl":"https:\/\/www.scenesbuissonnieres.com\/scenesB\/wp-content\/uploads\/2025\/12\/Bandeau_Site_2026.png","width":760,"height":200,"caption":"Sc\u00e8nes Buissonni\u00e8res"},"image":{"@id":"http:\/\/www.scenesbuissonnieres.com\/scenesB\/#\/schema\/logo\/image\/"}}]}},"_links":{"self":[{"href":"https:\/\/www.scenesbuissonnieres.com\/scenesB\/wp-json\/wp\/v2\/pages\/118"}],"collection":[{"href":"https:\/\/www.scenesbuissonnieres.com\/scenesB\/wp-json\/wp\/v2\/pages"}],"about":[{"href":"https:\/\/www.scenesbuissonnieres.com\/scenesB\/wp-json\/wp\/v2\/types\/page"}],"author":[{"embeddable":true,"href":"https:\/\/www.scenesbuissonnieres.com\/scenesB\/wp-json\/wp\/v2\/users\/1"}],"replies":[{"embeddable":true,"href":"https:\/\/www.scenesbuissonnieres.com\/scenesB\/wp-json\/wp\/v2\/comments?post=118"}],"version-history":[{"count":37,"href":"https:\/\/www.scenesbuissonnieres.com\/scenesB\/wp-json\/wp\/v2\/pages\/118\/revisions"}],"predecessor-version":[{"id":1450,"href":"https:\/\/www.scenesbuissonnieres.com\/scenesB\/wp-json\/wp\/v2\/pages\/118\/revisions\/1450"}],"up":[{"embeddable":true,"href":"https:\/\/www.scenesbuissonnieres.com\/scenesB\/wp-json\/wp\/v2\/pages\/7"}],"wp:attachment":[{"href":"https:\/\/www.scenesbuissonnieres.com\/scenesB\/wp-json\/wp\/v2\/media?parent=118"}],"curies":[{"name":"wp","href":"https:\/\/api.w.org\/{rel}","templated":true}]}}