{"id":1129,"date":"2023-04-04T22:04:32","date_gmt":"2023-04-04T21:04:32","guid":{"rendered":"http:\/\/www.scenesbuissonnieres.com\/scenesB\/?page_id=1129"},"modified":"2023-05-14T18:25:51","modified_gmt":"2023-05-14T17:25:51","slug":"au-fil-des-ans","status":"publish","type":"page","link":"https:\/\/www.scenesbuissonnieres.com\/scenesB\/au-fil-des-ans\/","title":{"rendered":"Au fil des ans"},"content":{"rendered":"\n<p><\/p>\n\n\n\n<p><\/p>\n\n\n\n<p>Apr\u00e8s <strong>L\u00e9ognan <\/strong>et <strong>La Br\u00e8de<\/strong>, le festival poursuivra sa conqu\u00eate du territoire de Montesquieu en s\u2019installant \u00e0 <strong>Isle Saint-Georges<\/strong>.<\/p>\n\n\n\n<p>A partir de 2005 le festival se d\u00e9roulera sur 2 jours\u00a0du vendredi au samedi\u00a0; et nous voil\u00e0 \u00e0 <strong>Saint-Morillon<\/strong>, <strong>Martillac<\/strong> et\u00a0 <strong>Saint-Selve<\/strong>.<\/p>\n\n\n\n<p>Mais en 2011, l\u2019augmentation de la s\u00e9lection nous oblige \u00e0 \u00e9tendre la dur\u00e9e du festival \u00e0 3 jours, du vendredi au dimanche. Nous poursuivons notre p\u00e9riple \u00e0 <strong>Saucats, Saint-M\u00e9dard d\u2019Eyrans, Beautiran, Castre sur Gironde <\/strong>et<strong> Cabanac et Villagrains<\/strong>.<\/p>\n\n\n\n<p>En 2018, apr\u00e8s 20 ans d\u2019existence, les Sc\u00e8nes Buissonni\u00e8res obtiennent la <strong>labellisation Sc\u00e8nes d\u2019\u00e9t\u00e9 de Gironde.<\/strong><\/p>\n\n\n\n<p>En 2020, pas de festival\u00a0! La covid nous a priv\u00e9s de ces retrouvailles annuelles\u00a0!<\/p>\n\n\n\n<p>En 2022, nous sommes revenus \u00e0 notre point de d\u00e9part\u00a0: <strong>L\u00e9ognan<\/strong>\u00a0!<\/p>\n\n\n\n<p><\/p>\n","protected":false},"excerpt":{"rendered":"<p>Apr\u00e8s L\u00e9ognan et La Br\u00e8de, le festival poursuivra sa conqu\u00eate du territoire de Montesquieu en s\u2019installant \u00e0 Isle Saint-Georges. A partir de 2005 le festival se d\u00e9roulera sur 2 jours\u00a0du vendredi au samedi\u00a0; et nous voil\u00e0 \u00e0 Saint-Morillon, Martillac et\u00a0 &hellip;<\/p>\n<p class=\"read-more\"> <a class=\"more-link\" href=\"https:\/\/www.scenesbuissonnieres.com\/scenesB\/au-fil-des-ans\/\"> <span class=\"screen-reader-text\">Au fil des ans<\/span> Read More &raquo;<\/a><\/p>\n","protected":false},"author":6,"featured_media":0,"parent":0,"menu_order":0,"comment_status":"closed","ping_status":"closed","template":"","meta":[],"yoast_head":"<!-- This site is optimized with the Yoast SEO plugin v21.8.1 - https:\/\/yoast.com\/wordpress\/plugins\/seo\/ -->\n<title>Au fil des ans - Sc\u00e8nes Buissonni\u00e8res<\/title>\n<meta name=\"robots\" content=\"index, follow, max-snippet:-1, max-image-preview:large, max-video-preview:-1\" \/>\n<link rel=\"canonical\" href=\"https:\/\/www.scenesbuissonnieres.com\/scenesB\/au-fil-des-ans\/\" \/>\n<meta property=\"og:locale\" content=\"fr_FR\" \/>\n<meta property=\"og:type\" content=\"article\" \/>\n<meta property=\"og:title\" content=\"Au fil des ans - Sc\u00e8nes Buissonni\u00e8res\" \/>\n<meta property=\"og:description\" content=\"Apr\u00e8s L\u00e9ognan et La Br\u00e8de, le festival poursuivra sa conqu\u00eate du territoire de Montesquieu en s\u2019installant \u00e0 Isle Saint-Georges. A partir de 2005 le festival se d\u00e9roulera sur 2 jours\u00a0du vendredi au samedi\u00a0; et nous voil\u00e0 \u00e0 Saint-Morillon, Martillac et\u00a0 &hellip; Au fil des ans Read More &raquo;\" \/>\n<meta property=\"og:url\" content=\"https:\/\/www.scenesbuissonnieres.com\/scenesB\/au-fil-des-ans\/\" \/>\n<meta property=\"og:site_name\" content=\"Sc\u00e8nes Buissonni\u00e8res\" \/>\n<meta property=\"article:modified_time\" content=\"2023-05-14T17:25:51+00:00\" \/>\n<meta name=\"twitter:card\" content=\"summary_large_image\" \/>\n<meta name=\"twitter:label1\" content=\"Dur\u00e9e de lecture estim\u00e9e\" \/>\n\t<meta name=\"twitter:data1\" content=\"1 minute\" \/>\n<script type=\"application\/ld+json\" class=\"yoast-schema-graph\">{\"@context\":\"https:\/\/schema.org\",\"@graph\":[{\"@type\":\"WebPage\",\"@id\":\"https:\/\/www.scenesbuissonnieres.com\/scenesB\/au-fil-des-ans\/\",\"url\":\"https:\/\/www.scenesbuissonnieres.com\/scenesB\/au-fil-des-ans\/\",\"name\":\"Au fil des ans - Sc\u00e8nes Buissonni\u00e8res\",\"isPartOf\":{\"@id\":\"http:\/\/www.scenesbuissonnieres.com\/scenesB\/#website\"},\"datePublished\":\"2023-04-04T21:04:32+00:00\",\"dateModified\":\"2023-05-14T17:25:51+00:00\",\"breadcrumb\":{\"@id\":\"https:\/\/www.scenesbuissonnieres.com\/scenesB\/au-fil-des-ans\/#breadcrumb\"},\"inLanguage\":\"fr-FR\",\"potentialAction\":[{\"@type\":\"ReadAction\",\"target\":[\"https:\/\/www.scenesbuissonnieres.com\/scenesB\/au-fil-des-ans\/\"]}]},{\"@type\":\"BreadcrumbList\",\"@id\":\"https:\/\/www.scenesbuissonnieres.com\/scenesB\/au-fil-des-ans\/#breadcrumb\",\"itemListElement\":[{\"@type\":\"ListItem\",\"position\":1,\"name\":\"Accueil\",\"item\":\"http:\/\/www.scenesbuissonnieres.com\/scenesB\/\"},{\"@type\":\"ListItem\",\"position\":2,\"name\":\"Au fil des ans\"}]},{\"@type\":\"WebSite\",\"@id\":\"http:\/\/www.scenesbuissonnieres.com\/scenesB\/#website\",\"url\":\"http:\/\/www.scenesbuissonnieres.com\/scenesB\/\",\"name\":\"Sc\u00e8nes Buissonni\u00e8res\",\"description\":\"Le Festival de Th\u00e9\u00e2tre\",\"publisher\":{\"@id\":\"http:\/\/www.scenesbuissonnieres.com\/scenesB\/#organization\"},\"potentialAction\":[{\"@type\":\"SearchAction\",\"target\":{\"@type\":\"EntryPoint\",\"urlTemplate\":\"http:\/\/www.scenesbuissonnieres.com\/scenesB\/?s={search_term_string}\"},\"query-input\":\"required name=search_term_string\"}],\"inLanguage\":\"fr-FR\"},{\"@type\":\"Organization\",\"@id\":\"http:\/\/www.scenesbuissonnieres.com\/scenesB\/#organization\",\"name\":\"Sc\u00e8nes Buissonni\u00e8res\",\"url\":\"http:\/\/www.scenesbuissonnieres.com\/scenesB\/\",\"logo\":{\"@type\":\"ImageObject\",\"inLanguage\":\"fr-FR\",\"@id\":\"http:\/\/www.scenesbuissonnieres.com\/scenesB\/#\/schema\/logo\/image\/\",\"url\":\"https:\/\/www.scenesbuissonnieres.com\/scenesB\/wp-content\/uploads\/2025\/12\/Bandeau_Site_2026.png\",\"contentUrl\":\"https:\/\/www.scenesbuissonnieres.com\/scenesB\/wp-content\/uploads\/2025\/12\/Bandeau_Site_2026.png\",\"width\":760,\"height\":200,\"caption\":\"Sc\u00e8nes Buissonni\u00e8res\"},\"image\":{\"@id\":\"http:\/\/www.scenesbuissonnieres.com\/scenesB\/#\/schema\/logo\/image\/\"}}]}<\/script>\n<!-- \/ Yoast SEO plugin. -->","yoast_head_json":{"title":"Au fil des ans - Sc\u00e8nes Buissonni\u00e8res","robots":{"index":"index","follow":"follow","max-snippet":"max-snippet:-1","max-image-preview":"max-image-preview:large","max-video-preview":"max-video-preview:-1"},"canonical":"https:\/\/www.scenesbuissonnieres.com\/scenesB\/au-fil-des-ans\/","og_locale":"fr_FR","og_type":"article","og_title":"Au fil des ans - Sc\u00e8nes Buissonni\u00e8res","og_description":"Apr\u00e8s L\u00e9ognan et La Br\u00e8de, le festival poursuivra sa conqu\u00eate du territoire de Montesquieu en s\u2019installant \u00e0 Isle Saint-Georges. A partir de 2005 le festival se d\u00e9roulera sur 2 jours\u00a0du vendredi au samedi\u00a0; et nous voil\u00e0 \u00e0 Saint-Morillon, Martillac et\u00a0 &hellip; Au fil des ans Read More &raquo;","og_url":"https:\/\/www.scenesbuissonnieres.com\/scenesB\/au-fil-des-ans\/","og_site_name":"Sc\u00e8nes Buissonni\u00e8res","article_modified_time":"2023-05-14T17:25:51+00:00","twitter_card":"summary_large_image","twitter_misc":{"Dur\u00e9e de lecture estim\u00e9e":"1 minute"},"schema":{"@context":"https:\/\/schema.org","@graph":[{"@type":"WebPage","@id":"https:\/\/www.scenesbuissonnieres.com\/scenesB\/au-fil-des-ans\/","url":"https:\/\/www.scenesbuissonnieres.com\/scenesB\/au-fil-des-ans\/","name":"Au fil des ans - Sc\u00e8nes Buissonni\u00e8res","isPartOf":{"@id":"http:\/\/www.scenesbuissonnieres.com\/scenesB\/#website"},"datePublished":"2023-04-04T21:04:32+00:00","dateModified":"2023-05-14T17:25:51+00:00","breadcrumb":{"@id":"https:\/\/www.scenesbuissonnieres.com\/scenesB\/au-fil-des-ans\/#breadcrumb"},"inLanguage":"fr-FR","potentialAction":[{"@type":"ReadAction","target":["https:\/\/www.scenesbuissonnieres.com\/scenesB\/au-fil-des-ans\/"]}]},{"@type":"BreadcrumbList","@id":"https:\/\/www.scenesbuissonnieres.com\/scenesB\/au-fil-des-ans\/#breadcrumb","itemListElement":[{"@type":"ListItem","position":1,"name":"Accueil","item":"http:\/\/www.scenesbuissonnieres.com\/scenesB\/"},{"@type":"ListItem","position":2,"name":"Au fil des ans"}]},{"@type":"WebSite","@id":"http:\/\/www.scenesbuissonnieres.com\/scenesB\/#website","url":"http:\/\/www.scenesbuissonnieres.com\/scenesB\/","name":"Sc\u00e8nes Buissonni\u00e8res","description":"Le Festival de Th\u00e9\u00e2tre","publisher":{"@id":"http:\/\/www.scenesbuissonnieres.com\/scenesB\/#organization"},"potentialAction":[{"@type":"SearchAction","target":{"@type":"EntryPoint","urlTemplate":"http:\/\/www.scenesbuissonnieres.com\/scenesB\/?s={search_term_string}"},"query-input":"required name=search_term_string"}],"inLanguage":"fr-FR"},{"@type":"Organization","@id":"http:\/\/www.scenesbuissonnieres.com\/scenesB\/#organization","name":"Sc\u00e8nes Buissonni\u00e8res","url":"http:\/\/www.scenesbuissonnieres.com\/scenesB\/","logo":{"@type":"ImageObject","inLanguage":"fr-FR","@id":"http:\/\/www.scenesbuissonnieres.com\/scenesB\/#\/schema\/logo\/image\/","url":"https:\/\/www.scenesbuissonnieres.com\/scenesB\/wp-content\/uploads\/2025\/12\/Bandeau_Site_2026.png","contentUrl":"https:\/\/www.scenesbuissonnieres.com\/scenesB\/wp-content\/uploads\/2025\/12\/Bandeau_Site_2026.png","width":760,"height":200,"caption":"Sc\u00e8nes Buissonni\u00e8res"},"image":{"@id":"http:\/\/www.scenesbuissonnieres.com\/scenesB\/#\/schema\/logo\/image\/"}}]}},"_links":{"self":[{"href":"https:\/\/www.scenesbuissonnieres.com\/scenesB\/wp-json\/wp\/v2\/pages\/1129"}],"collection":[{"href":"https:\/\/www.scenesbuissonnieres.com\/scenesB\/wp-json\/wp\/v2\/pages"}],"about":[{"href":"https:\/\/www.scenesbuissonnieres.com\/scenesB\/wp-json\/wp\/v2\/types\/page"}],"author":[{"embeddable":true,"href":"https:\/\/www.scenesbuissonnieres.com\/scenesB\/wp-json\/wp\/v2\/users\/6"}],"replies":[{"embeddable":true,"href":"https:\/\/www.scenesbuissonnieres.com\/scenesB\/wp-json\/wp\/v2\/comments?post=1129"}],"version-history":[{"count":4,"href":"https:\/\/www.scenesbuissonnieres.com\/scenesB\/wp-json\/wp\/v2\/pages\/1129\/revisions"}],"predecessor-version":[{"id":1216,"href":"https:\/\/www.scenesbuissonnieres.com\/scenesB\/wp-json\/wp\/v2\/pages\/1129\/revisions\/1216"}],"wp:attachment":[{"href":"https:\/\/www.scenesbuissonnieres.com\/scenesB\/wp-json\/wp\/v2\/media?parent=1129"}],"curies":[{"name":"wp","href":"https:\/\/api.w.org\/{rel}","templated":true}]}}