{"id":811,"date":"2019-06-06T22:04:16","date_gmt":"2019-06-06T21:04:16","guid":{"rendered":"http:\/\/www.scenesbuissonnieres.com\/scenesB\/?page_id=811"},"modified":"2025-06-14T15:12:39","modified_gmt":"2025-06-14T14:12:39","slug":"la-programmation","status":"publish","type":"page","link":"http:\/\/www.scenesbuissonnieres.com\/scenesB\/la-programmation\/","title":{"rendered":"Le Programme 2025"},"content":{"rendered":"\n<p class=\"has-text-align-center has-large-font-size\"><a href=\"https:\/\/tinyurl.com\/ynnf224y\" target=\"_blank\" rel=\"noreferrer noopener\"><strong>T\u00e9l\u00e9charger le Programme<\/strong><\/a><\/p>\n\n\n\n<p><\/p>\n\n\n\n<h1 class=\"wp-block-heading\"> <\/h1>\n","protected":false},"excerpt":{"rendered":"<p>T\u00e9l\u00e9charger le Programme<\/p>\n","protected":false},"author":1,"featured_media":0,"parent":0,"menu_order":0,"comment_status":"closed","ping_status":"closed","template":"","meta":[],"yoast_head":"<!-- This site is optimized with the Yoast SEO plugin v21.8.1 - https:\/\/yoast.com\/wordpress\/plugins\/seo\/ -->\n<title>Le Programme 2025 - Sc\u00e8nes Buissonni\u00e8res<\/title>\n<meta name=\"robots\" content=\"index, follow, max-snippet:-1, max-image-preview:large, max-video-preview:-1\" \/>\n<link rel=\"canonical\" href=\"http:\/\/www.scenesbuissonnieres.com\/scenesB\/la-programmation\/\" \/>\n<meta property=\"og:locale\" content=\"fr_FR\" \/>\n<meta property=\"og:type\" content=\"article\" \/>\n<meta property=\"og:title\" content=\"Le Programme 2025 - Sc\u00e8nes Buissonni\u00e8res\" \/>\n<meta property=\"og:description\" content=\"T\u00e9l\u00e9charger le Programme\" \/>\n<meta property=\"og:url\" content=\"http:\/\/www.scenesbuissonnieres.com\/scenesB\/la-programmation\/\" \/>\n<meta property=\"og:site_name\" content=\"Sc\u00e8nes Buissonni\u00e8res\" \/>\n<meta property=\"article:modified_time\" content=\"2025-06-14T14:12:39+00:00\" \/>\n<meta name=\"twitter:card\" content=\"summary_large_image\" \/>\n<meta name=\"twitter:label1\" content=\"Dur\u00e9e de lecture estim\u00e9e\" \/>\n\t<meta name=\"twitter:data1\" content=\"1 minute\" \/>\n<script type=\"application\/ld+json\" class=\"yoast-schema-graph\">{\"@context\":\"https:\/\/schema.org\",\"@graph\":[{\"@type\":\"WebPage\",\"@id\":\"http:\/\/www.scenesbuissonnieres.com\/scenesB\/la-programmation\/\",\"url\":\"http:\/\/www.scenesbuissonnieres.com\/scenesB\/la-programmation\/\",\"name\":\"Le Programme 2025 - Sc\u00e8nes Buissonni\u00e8res\",\"isPartOf\":{\"@id\":\"http:\/\/www.scenesbuissonnieres.com\/scenesB\/#website\"},\"datePublished\":\"2019-06-06T21:04:16+00:00\",\"dateModified\":\"2025-06-14T14:12:39+00:00\",\"breadcrumb\":{\"@id\":\"http:\/\/www.scenesbuissonnieres.com\/scenesB\/la-programmation\/#breadcrumb\"},\"inLanguage\":\"fr-FR\",\"potentialAction\":[{\"@type\":\"ReadAction\",\"target\":[\"http:\/\/www.scenesbuissonnieres.com\/scenesB\/la-programmation\/\"]}]},{\"@type\":\"BreadcrumbList\",\"@id\":\"http:\/\/www.scenesbuissonnieres.com\/scenesB\/la-programmation\/#breadcrumb\",\"itemListElement\":[{\"@type\":\"ListItem\",\"position\":1,\"name\":\"Accueil\",\"item\":\"http:\/\/www.scenesbuissonnieres.com\/scenesB\/\"},{\"@type\":\"ListItem\",\"position\":2,\"name\":\"Le Programme 2025\"}]},{\"@type\":\"WebSite\",\"@id\":\"http:\/\/www.scenesbuissonnieres.com\/scenesB\/#website\",\"url\":\"http:\/\/www.scenesbuissonnieres.com\/scenesB\/\",\"name\":\"Sc\u00e8nes Buissonni\u00e8res\",\"description\":\"Le Festival de Th\u00e9\u00e2tre\",\"publisher\":{\"@id\":\"http:\/\/www.scenesbuissonnieres.com\/scenesB\/#organization\"},\"potentialAction\":[{\"@type\":\"SearchAction\",\"target\":{\"@type\":\"EntryPoint\",\"urlTemplate\":\"http:\/\/www.scenesbuissonnieres.com\/scenesB\/?s={search_term_string}\"},\"query-input\":\"required name=search_term_string\"}],\"inLanguage\":\"fr-FR\"},{\"@type\":\"Organization\",\"@id\":\"http:\/\/www.scenesbuissonnieres.com\/scenesB\/#organization\",\"name\":\"Sc\u00e8nes Buissonni\u00e8res\",\"url\":\"http:\/\/www.scenesbuissonnieres.com\/scenesB\/\",\"logo\":{\"@type\":\"ImageObject\",\"inLanguage\":\"fr-FR\",\"@id\":\"http:\/\/www.scenesbuissonnieres.com\/scenesB\/#\/schema\/logo\/image\/\",\"url\":\"http:\/\/www.scenesbuissonnieres.com\/scenesB\/wp-content\/uploads\/2025\/12\/Bandeau_Site_2026.png\",\"contentUrl\":\"http:\/\/www.scenesbuissonnieres.com\/scenesB\/wp-content\/uploads\/2025\/12\/Bandeau_Site_2026.png\",\"width\":760,\"height\":200,\"caption\":\"Sc\u00e8nes Buissonni\u00e8res\"},\"image\":{\"@id\":\"http:\/\/www.scenesbuissonnieres.com\/scenesB\/#\/schema\/logo\/image\/\"}}]}<\/script>\n<!-- \/ Yoast SEO plugin. -->","yoast_head_json":{"title":"Le Programme 2025 - Sc\u00e8nes Buissonni\u00e8res","robots":{"index":"index","follow":"follow","max-snippet":"max-snippet:-1","max-image-preview":"max-image-preview:large","max-video-preview":"max-video-preview:-1"},"canonical":"http:\/\/www.scenesbuissonnieres.com\/scenesB\/la-programmation\/","og_locale":"fr_FR","og_type":"article","og_title":"Le Programme 2025 - Sc\u00e8nes Buissonni\u00e8res","og_description":"T\u00e9l\u00e9charger le Programme","og_url":"http:\/\/www.scenesbuissonnieres.com\/scenesB\/la-programmation\/","og_site_name":"Sc\u00e8nes Buissonni\u00e8res","article_modified_time":"2025-06-14T14:12:39+00:00","twitter_card":"summary_large_image","twitter_misc":{"Dur\u00e9e de lecture estim\u00e9e":"1 minute"},"schema":{"@context":"https:\/\/schema.org","@graph":[{"@type":"WebPage","@id":"http:\/\/www.scenesbuissonnieres.com\/scenesB\/la-programmation\/","url":"http:\/\/www.scenesbuissonnieres.com\/scenesB\/la-programmation\/","name":"Le Programme 2025 - Sc\u00e8nes Buissonni\u00e8res","isPartOf":{"@id":"http:\/\/www.scenesbuissonnieres.com\/scenesB\/#website"},"datePublished":"2019-06-06T21:04:16+00:00","dateModified":"2025-06-14T14:12:39+00:00","breadcrumb":{"@id":"http:\/\/www.scenesbuissonnieres.com\/scenesB\/la-programmation\/#breadcrumb"},"inLanguage":"fr-FR","potentialAction":[{"@type":"ReadAction","target":["http:\/\/www.scenesbuissonnieres.com\/scenesB\/la-programmation\/"]}]},{"@type":"BreadcrumbList","@id":"http:\/\/www.scenesbuissonnieres.com\/scenesB\/la-programmation\/#breadcrumb","itemListElement":[{"@type":"ListItem","position":1,"name":"Accueil","item":"http:\/\/www.scenesbuissonnieres.com\/scenesB\/"},{"@type":"ListItem","position":2,"name":"Le Programme 2025"}]},{"@type":"WebSite","@id":"http:\/\/www.scenesbuissonnieres.com\/scenesB\/#website","url":"http:\/\/www.scenesbuissonnieres.com\/scenesB\/","name":"Sc\u00e8nes Buissonni\u00e8res","description":"Le Festival de Th\u00e9\u00e2tre","publisher":{"@id":"http:\/\/www.scenesbuissonnieres.com\/scenesB\/#organization"},"potentialAction":[{"@type":"SearchAction","target":{"@type":"EntryPoint","urlTemplate":"http:\/\/www.scenesbuissonnieres.com\/scenesB\/?s={search_term_string}"},"query-input":"required name=search_term_string"}],"inLanguage":"fr-FR"},{"@type":"Organization","@id":"http:\/\/www.scenesbuissonnieres.com\/scenesB\/#organization","name":"Sc\u00e8nes Buissonni\u00e8res","url":"http:\/\/www.scenesbuissonnieres.com\/scenesB\/","logo":{"@type":"ImageObject","inLanguage":"fr-FR","@id":"http:\/\/www.scenesbuissonnieres.com\/scenesB\/#\/schema\/logo\/image\/","url":"http:\/\/www.scenesbuissonnieres.com\/scenesB\/wp-content\/uploads\/2025\/12\/Bandeau_Site_2026.png","contentUrl":"http:\/\/www.scenesbuissonnieres.com\/scenesB\/wp-content\/uploads\/2025\/12\/Bandeau_Site_2026.png","width":760,"height":200,"caption":"Sc\u00e8nes Buissonni\u00e8res"},"image":{"@id":"http:\/\/www.scenesbuissonnieres.com\/scenesB\/#\/schema\/logo\/image\/"}}]}},"_links":{"self":[{"href":"http:\/\/www.scenesbuissonnieres.com\/scenesB\/wp-json\/wp\/v2\/pages\/811"}],"collection":[{"href":"http:\/\/www.scenesbuissonnieres.com\/scenesB\/wp-json\/wp\/v2\/pages"}],"about":[{"href":"http:\/\/www.scenesbuissonnieres.com\/scenesB\/wp-json\/wp\/v2\/types\/page"}],"author":[{"embeddable":true,"href":"http:\/\/www.scenesbuissonnieres.com\/scenesB\/wp-json\/wp\/v2\/users\/1"}],"replies":[{"embeddable":true,"href":"http:\/\/www.scenesbuissonnieres.com\/scenesB\/wp-json\/wp\/v2\/comments?post=811"}],"version-history":[{"count":20,"href":"http:\/\/www.scenesbuissonnieres.com\/scenesB\/wp-json\/wp\/v2\/pages\/811\/revisions"}],"predecessor-version":[{"id":1436,"href":"http:\/\/www.scenesbuissonnieres.com\/scenesB\/wp-json\/wp\/v2\/pages\/811\/revisions\/1436"}],"wp:attachment":[{"href":"http:\/\/www.scenesbuissonnieres.com\/scenesB\/wp-json\/wp\/v2\/media?parent=811"}],"curies":[{"name":"wp","href":"https:\/\/api.w.org\/{rel}","templated":true}]}}