{"id":226,"date":"2016-02-25T16:52:31","date_gmt":"2016-02-25T15:52:31","guid":{"rendered":"http:\/\/www.scenesbuissonnieres.com\/scenesB\/?page_id=226"},"modified":"2026-04-29T18:20:50","modified_gmt":"2026-04-29T17:20:50","slug":"bonjour","status":"publish","type":"page","link":"http:\/\/www.scenesbuissonnieres.com\/scenesB\/bonjour\/","title":{"rendered":""},"content":{"rendered":"<h2 style=\"text-align: center;\"><strong>27\u00e8me \u00e9dition des Sc\u00e8nes Buissonni\u00e8res \u00e0 Saint-Selve<br \/>\nLes 3, 4 et 5 juillet 2026<\/strong><\/h2>\n<h3 style=\"text-align: left;\"><strong><br \/>\n<\/strong>Sur le territoire de la Communaut\u00e9 de Communes de Montesquieu, le festival des Sc\u00e8nes<br \/>\nBuissonni\u00e8res ouvre la porte aux vacances d&rsquo;\u00e9t\u00e9.<\/h3>\n<h3 style=\"text-align: left;\">Au coeur<strong> de la commune de Saint-Selve, 39 compagnies vous accompagneront les 3, 4 et 5<br \/>\njuillet 2026 :<\/strong><\/h3>\n<h3 style=\"text-align: left;\"><strong>Le Th\u00e9\u00e2tre Masqu\u00e9, Les Sans Sc\u00e8ne Fixe, Biboc &amp; Bibok, Les Affreux Disent Yak, Les<br \/>\nStrapontins de Nougatine, Le Th\u00e9\u00e2tre du Quai \u00e0 D\u00e9cors, Les Z\u2019Improductibles, Just Girls,<br \/>\nChoeur \u00e0 coeur et Les F\u00e9es Zumba de l\u2019ASCCG, Les Graves d\u2019Accord, Les Lames<br \/>\nMontesquieu &amp; Cie, Il \u00e9p\u00e9e T une fois !, Carabistouille, Les Apprentis, La Dream Team, Les<br \/>\nmots derri\u00e8re le rideau et Les Vendredis du Th\u00e9\u00e2tre de l&rsquo;Escale, Au Fil de l&rsquo;Acte, Du Bruit en<br \/>\nCoulisses, Les Mascarons, Les Pot&rsquo;en Ciel, La Cl\u00e9 du Quai, La Parenth\u00e8se Th\u00e9\u00e2trale, Le<br \/>\nTh\u00e9\u00e2tre du Nonchaloir, La Cie La Joyeuse, Les Rab&rsquo; \u00e0 JOIE, Les Gravissimes, La Cie de<br \/>\nl&rsquo;Incertitude, Les C\u00e9ph\u00e9\u00efdes, Les Mille Sources, Th\u00e9\u00e2tre pour Tous, Les CM des Platanes,<br \/>\nLe Service Enfance Jeunesse de St Selve, Le Th\u00e9\u00e2tre Aliz\u00e9, Art Session, La Cie de<br \/>\nl\u2019Arbre \u00e0 vache !<\/p>\n<p>Dans l&rsquo;\u00e9glise, pr\u00e8s de la fontaine, sous les platanes de l\u2019\u00e9cole, dans un jardin, sous la halle&#8230;,<br \/>\nSaint-Selve se d\u00e9voile et accueille la nouvelle programmation de ce festival hors les murs,<br \/>\ninvitation \u00e0 venir d\u00e9guster le spectacle vivant sous toutes ses formes :<\/p>\n<p>th\u00e9\u00e2tre classique, contemporain, spectacles de rue, improvisations, spectacles de cape et<br \/>\nd&rsquo;\u00e9p\u00e9e, lectures, contes, musique, chorales, danses&#8230;<\/p>\n<p>Pas moins de 66 spectacles d&rsquo;une dur\u00e9e de 30 min, pour petits et grands, vous ouvriront<br \/>\nl&rsquo;app\u00e9tit avant les grands festins des fins de journ\u00e9es :<\/p>\n<p>le Th\u00e9\u00e2tre Aliz\u00e9 vous surprendra avec ses \u00ab\u00a0Lectures (ou presque) Moli\u00e9resques\u00a0\u00bb, la Cie<br \/>\nArt Session vous \u00e9blouira avec \u00ab\u00a0Le chant des cigognes &#8211; itin\u00e9raire d&rsquo;une femme<br \/>\nnullipare\u00a0\u00bb et en cl\u00f4ture de cette 27\u00e8me \u00e9dition, la Cie l&rsquo;Arbre \u00e0 Vache vous ravira avec son<br \/>\n\u00ab\u00a0Good Bye Persil !\u00a0\u00bb<\/p>\n<p>Festival gratuit, \u00e9coresponsable, tout public, restauration sur place.<\/p>\n<p>Programme complet sur le site du festival : https:\/\/scenesbuissonnieres.com<\/p>\n<p>Renseignements \u00e0 Bordeaux Sud Tourisme : 05\/24\/73\/39\/90<\/p>\n<p>Suivez-nous sur notre Facebook Sc\u00e8nes Buissonni\u00e8res<\/strong><\/h3>\n","protected":false},"excerpt":{"rendered":"<p>27\u00e8me \u00e9dition des Sc\u00e8nes Buissonni\u00e8res \u00e0 Saint-Selve Les 3, 4 et 5 juillet 2026 Sur le territoire de la Communaut\u00e9 de Communes de Montesquieu, le festival des Sc\u00e8nes Buissonni\u00e8res ouvre la porte aux vacances d&rsquo;\u00e9t\u00e9. Au coeur de la commune &hellip;<\/p>\n<p class=\"read-more\"> <a class=\"more-link\" href=\"http:\/\/www.scenesbuissonnieres.com\/scenesB\/bonjour\/\">  Read More &raquo;<\/a><\/p>\n","protected":false},"author":1,"featured_media":0,"parent":0,"menu_order":0,"comment_status":"closed","ping_status":"closed","template":"","meta":[],"yoast_head":"<!-- This site is optimized with the Yoast SEO plugin v21.8.1 - https:\/\/yoast.com\/wordpress\/plugins\/seo\/ -->\n<title>- Sc\u00e8nes Buissonni\u00e8res<\/title>\n<meta name=\"robots\" content=\"index, follow, max-snippet:-1, max-image-preview:large, max-video-preview:-1\" \/>\n<link rel=\"canonical\" href=\"http:\/\/www.scenesbuissonnieres.com\/scenesB\/bonjour\/\" \/>\n<meta property=\"og:locale\" content=\"fr_FR\" \/>\n<meta property=\"og:type\" content=\"article\" \/>\n<meta property=\"og:title\" content=\"- Sc\u00e8nes Buissonni\u00e8res\" \/>\n<meta property=\"og:description\" content=\"27\u00e8me \u00e9dition des Sc\u00e8nes Buissonni\u00e8res \u00e0 Saint-Selve Les 3, 4 et 5 juillet 2026 Sur le territoire de la Communaut\u00e9 de Communes de Montesquieu, le festival des Sc\u00e8nes Buissonni\u00e8res ouvre la porte aux vacances d&rsquo;\u00e9t\u00e9. Au coeur de la commune &hellip;  Read More &raquo;\" \/>\n<meta property=\"og:url\" content=\"http:\/\/www.scenesbuissonnieres.com\/scenesB\/bonjour\/\" \/>\n<meta property=\"og:site_name\" content=\"Sc\u00e8nes Buissonni\u00e8res\" \/>\n<meta property=\"article:modified_time\" content=\"2026-04-29T17:20:50+00:00\" \/>\n<meta name=\"twitter:card\" content=\"summary_large_image\" \/>\n<meta name=\"twitter:label1\" content=\"Dur\u00e9e de lecture estim\u00e9e\" \/>\n\t<meta name=\"twitter:data1\" content=\"2 minutes\" \/>\n<script type=\"application\/ld+json\" class=\"yoast-schema-graph\">{\"@context\":\"https:\/\/schema.org\",\"@graph\":[{\"@type\":\"WebPage\",\"@id\":\"http:\/\/www.scenesbuissonnieres.com\/scenesB\/bonjour\/\",\"url\":\"http:\/\/www.scenesbuissonnieres.com\/scenesB\/bonjour\/\",\"name\":\"- Sc\u00e8nes Buissonni\u00e8res\",\"isPartOf\":{\"@id\":\"http:\/\/www.scenesbuissonnieres.com\/scenesB\/#website\"},\"datePublished\":\"2016-02-25T15:52:31+00:00\",\"dateModified\":\"2026-04-29T17:20:50+00:00\",\"inLanguage\":\"fr-FR\",\"potentialAction\":[{\"@type\":\"ReadAction\",\"target\":[\"http:\/\/www.scenesbuissonnieres.com\/scenesB\/bonjour\/\"]}]},{\"@type\":\"WebSite\",\"@id\":\"http:\/\/www.scenesbuissonnieres.com\/scenesB\/#website\",\"url\":\"http:\/\/www.scenesbuissonnieres.com\/scenesB\/\",\"name\":\"Sc\u00e8nes Buissonni\u00e8res\",\"description\":\"Le Festival de Th\u00e9\u00e2tre\",\"publisher\":{\"@id\":\"http:\/\/www.scenesbuissonnieres.com\/scenesB\/#organization\"},\"potentialAction\":[{\"@type\":\"SearchAction\",\"target\":{\"@type\":\"EntryPoint\",\"urlTemplate\":\"http:\/\/www.scenesbuissonnieres.com\/scenesB\/?s={search_term_string}\"},\"query-input\":\"required name=search_term_string\"}],\"inLanguage\":\"fr-FR\"},{\"@type\":\"Organization\",\"@id\":\"http:\/\/www.scenesbuissonnieres.com\/scenesB\/#organization\",\"name\":\"Sc\u00e8nes Buissonni\u00e8res\",\"url\":\"http:\/\/www.scenesbuissonnieres.com\/scenesB\/\",\"logo\":{\"@type\":\"ImageObject\",\"inLanguage\":\"fr-FR\",\"@id\":\"http:\/\/www.scenesbuissonnieres.com\/scenesB\/#\/schema\/logo\/image\/\",\"url\":\"http:\/\/www.scenesbuissonnieres.com\/scenesB\/wp-content\/uploads\/2025\/12\/Bandeau_Site_2026.png\",\"contentUrl\":\"http:\/\/www.scenesbuissonnieres.com\/scenesB\/wp-content\/uploads\/2025\/12\/Bandeau_Site_2026.png\",\"width\":760,\"height\":200,\"caption\":\"Sc\u00e8nes Buissonni\u00e8res\"},\"image\":{\"@id\":\"http:\/\/www.scenesbuissonnieres.com\/scenesB\/#\/schema\/logo\/image\/\"}}]}<\/script>\n<!-- \/ Yoast SEO plugin. -->","yoast_head_json":{"title":"- Sc\u00e8nes Buissonni\u00e8res","robots":{"index":"index","follow":"follow","max-snippet":"max-snippet:-1","max-image-preview":"max-image-preview:large","max-video-preview":"max-video-preview:-1"},"canonical":"http:\/\/www.scenesbuissonnieres.com\/scenesB\/bonjour\/","og_locale":"fr_FR","og_type":"article","og_title":"- Sc\u00e8nes Buissonni\u00e8res","og_description":"27\u00e8me \u00e9dition des Sc\u00e8nes Buissonni\u00e8res \u00e0 Saint-Selve Les 3, 4 et 5 juillet 2026 Sur le territoire de la Communaut\u00e9 de Communes de Montesquieu, le festival des Sc\u00e8nes Buissonni\u00e8res ouvre la porte aux vacances d&rsquo;\u00e9t\u00e9. Au coeur de la commune &hellip;  Read More &raquo;","og_url":"http:\/\/www.scenesbuissonnieres.com\/scenesB\/bonjour\/","og_site_name":"Sc\u00e8nes Buissonni\u00e8res","article_modified_time":"2026-04-29T17:20:50+00:00","twitter_card":"summary_large_image","twitter_misc":{"Dur\u00e9e de lecture estim\u00e9e":"2 minutes"},"schema":{"@context":"https:\/\/schema.org","@graph":[{"@type":"WebPage","@id":"http:\/\/www.scenesbuissonnieres.com\/scenesB\/bonjour\/","url":"http:\/\/www.scenesbuissonnieres.com\/scenesB\/bonjour\/","name":"- Sc\u00e8nes Buissonni\u00e8res","isPartOf":{"@id":"http:\/\/www.scenesbuissonnieres.com\/scenesB\/#website"},"datePublished":"2016-02-25T15:52:31+00:00","dateModified":"2026-04-29T17:20:50+00:00","inLanguage":"fr-FR","potentialAction":[{"@type":"ReadAction","target":["http:\/\/www.scenesbuissonnieres.com\/scenesB\/bonjour\/"]}]},{"@type":"WebSite","@id":"http:\/\/www.scenesbuissonnieres.com\/scenesB\/#website","url":"http:\/\/www.scenesbuissonnieres.com\/scenesB\/","name":"Sc\u00e8nes Buissonni\u00e8res","description":"Le Festival de Th\u00e9\u00e2tre","publisher":{"@id":"http:\/\/www.scenesbuissonnieres.com\/scenesB\/#organization"},"potentialAction":[{"@type":"SearchAction","target":{"@type":"EntryPoint","urlTemplate":"http:\/\/www.scenesbuissonnieres.com\/scenesB\/?s={search_term_string}"},"query-input":"required name=search_term_string"}],"inLanguage":"fr-FR"},{"@type":"Organization","@id":"http:\/\/www.scenesbuissonnieres.com\/scenesB\/#organization","name":"Sc\u00e8nes Buissonni\u00e8res","url":"http:\/\/www.scenesbuissonnieres.com\/scenesB\/","logo":{"@type":"ImageObject","inLanguage":"fr-FR","@id":"http:\/\/www.scenesbuissonnieres.com\/scenesB\/#\/schema\/logo\/image\/","url":"http:\/\/www.scenesbuissonnieres.com\/scenesB\/wp-content\/uploads\/2025\/12\/Bandeau_Site_2026.png","contentUrl":"http:\/\/www.scenesbuissonnieres.com\/scenesB\/wp-content\/uploads\/2025\/12\/Bandeau_Site_2026.png","width":760,"height":200,"caption":"Sc\u00e8nes Buissonni\u00e8res"},"image":{"@id":"http:\/\/www.scenesbuissonnieres.com\/scenesB\/#\/schema\/logo\/image\/"}}]}},"_links":{"self":[{"href":"http:\/\/www.scenesbuissonnieres.com\/scenesB\/wp-json\/wp\/v2\/pages\/226"}],"collection":[{"href":"http:\/\/www.scenesbuissonnieres.com\/scenesB\/wp-json\/wp\/v2\/pages"}],"about":[{"href":"http:\/\/www.scenesbuissonnieres.com\/scenesB\/wp-json\/wp\/v2\/types\/page"}],"author":[{"embeddable":true,"href":"http:\/\/www.scenesbuissonnieres.com\/scenesB\/wp-json\/wp\/v2\/users\/1"}],"replies":[{"embeddable":true,"href":"http:\/\/www.scenesbuissonnieres.com\/scenesB\/wp-json\/wp\/v2\/comments?post=226"}],"version-history":[{"count":16,"href":"http:\/\/www.scenesbuissonnieres.com\/scenesB\/wp-json\/wp\/v2\/pages\/226\/revisions"}],"predecessor-version":[{"id":1454,"href":"http:\/\/www.scenesbuissonnieres.com\/scenesB\/wp-json\/wp\/v2\/pages\/226\/revisions\/1454"}],"wp:attachment":[{"href":"http:\/\/www.scenesbuissonnieres.com\/scenesB\/wp-json\/wp\/v2\/media?parent=226"}],"curies":[{"name":"wp","href":"https:\/\/api.w.org\/{rel}","templated":true}]}}