{"id":1027,"date":"2022-05-30T08:56:23","date_gmt":"2022-05-30T07:56:23","guid":{"rendered":"http:\/\/www.scenesbuissonnieres.com\/scenesB\/?page_id=1027"},"modified":"2022-05-30T08:59:03","modified_gmt":"2022-05-30T07:59:03","slug":"bonjour-2022","status":"publish","type":"page","link":"http:\/\/www.scenesbuissonnieres.com\/scenesB\/bonjour\/bonjour-2022\/","title":{"rendered":"Bonjour 2022"},"content":{"rendered":"\n<p><strong>Les Sc\u00e8nes Buissonni\u00e8res, retour aux sources.<\/strong><\/p>\n\n\n\n<p>Vingt-quatre ans apr\u00e8s sa naissance le Festival des Sc\u00e8nes Buissonni\u00e8res qui a parcouru (presque) tous les villages de la Communaut\u00e9 de Communes de Montesquieu revient \u00e0 son point de d\u00e9part, L\u00e9ognan, pour vous proposer une grande diversit\u00e9 de spectacles vivants : th\u00e9\u00e2tre, danse, lectures, musique et chant, improvisation, &#8230;<\/p>\n\n\n\n<p>Du 1<sup>er<\/sup> au 3 juillet 2022, une vaste \u00e9tendue incluant les parcs de la mairie et de Fontaulic, la rue Louise Michel, les Halles de Gascogne et les \u00e9coles Pauline Kergomard et Marcel Pagnol sera enti\u00e8rement r\u00e9serv\u00e9e aux pi\u00e9tons pour accueillir les festivaliers.<\/p>\n\n\n\n<p>38 troupes vous proposeront plus de 70 repr\u00e9sentations gratuites sur ces 3 jours, des spectacles courts, en plein air et \u00e0 jauges r\u00e9duites r\u00e9partis sur 5 espaces. De quoi permettre \u00e0 chacun de composer son programme personnalis\u00e9. Et \u00e0 la fin de chaque journ\u00e9e un spectacle plus long rassemblera tous les spectateurs.<\/p>\n\n\n\n<p>Apr\u00e8s l\u2019ouverture du Festival le vendredi \u00e0 18h00, les \u00e9coles de L\u00e9ognan donneront les premi\u00e8res repr\u00e9sentations sur le court de tennis de Fontaulic avant de laisser la place aux autres troupes. La soir\u00e9e se terminera avec <strong>Les Filles du 3<sup>\u00e8me<\/sup><\/strong>, un trio vocal swing et f\u00e9minin bien s\u00fbr.<\/p>\n\n\n\n<p>On se retrouvera le samedi d\u00e8s 15h00 pour d\u00e9couvrir de nouveaux spectacles jusqu\u2019\u00e0 la pause de 19h, dont celui des <strong>D\u00e9livreurs de mots<\/strong> propos\u00e9 par Evelyne Gachet qui initia la d\u00e9marche d\u2019accession du spectacle th\u00e9\u00e2tral au grand public \u00e0 l\u2019origine du festival. Apr\u00e8s les discours et le vin d\u2019honneur offert par la mairie, spectateurs, artistes, techniciens et b\u00e9n\u00e9voles pourront \u00e9changer au cours du repas pris au village du Festival. Reprise des spectacles \u00e0 21h et cette soir\u00e9e de samedi se conclura \u00e0 23h avec \u00ab&nbsp;Le film du dimanche soir&nbsp;!&nbsp;\u00bb propos\u00e9 par la <strong>Compagnie Annibal et ses \u00e9l\u00e9phants.<\/strong><\/p>\n\n\n\n<p>Le dimanche c\u2019est aussi \u00e0 partir de 15h que seront donn\u00e9es les derni\u00e8res repr\u00e9sentations avant la conclusion de cette \u00e9dition 2022 \u00e0 17h15 avec \u00ab&nbsp;La conspiration de Cellamare&nbsp;\u00bb &#8211; Th\u00e9\u00e2tre de cape et d\u2019\u00e9p\u00e9e \u2013 pr\u00e9sent\u00e9 par <strong>Les Lames de Montesquieu<\/strong> et <strong>Le Th\u00e9\u00e2tre Masqu\u00e9<\/strong>.<\/p>\n\n\n\n<p>Le site Internet <a href=\"http:\/\/www.scenesbuissonnieres.fr\">www.scenesbuissonnieres.fr<\/a> vous permettra de consulter le programme d\u00e9taill\u00e9 du Festival et d\u2019obtenir des informations sur les troupes participantes. Vous y trouverez \u00e9galement un lien vers notre application pour smartphone qui vous fournira les infos pratiques pendant le d\u00e9roulement du festival.<\/p>\n\n\n\n<p>Moins de papier, plus de num\u00e9rique, c\u2019est aussi une contribution \u00e0 la d\u00e9marche \u00e9co-responsable dont nous poursuivons le d\u00e9veloppement en partenariat avec la Communaut\u00e9 de Communes de Montesquieu et la commune d\u2019accueil, L\u00e9ognan.<\/p>\n\n\n\n<p>Cette ann\u00e9e encore le Festival b\u00e9n\u00e9ficie du soutien du D\u00e9partement notamment gr\u00e2ce au label \u00ab&nbsp;Sc\u00e8nes d\u2019\u00e9t\u00e9 en Gironde&nbsp;\u00bb et \u00e0 l\u2019apport en mat\u00e9riel de l\u2019IDDAC.<\/p>\n\n\n\n<p>Soutien et contribution essentiels \u00e9galement sur la commune de L\u00e9ognan \u2013 municipalit\u00e9, services et associations \u2013 et de la part des entreprises locales qui nous sponsorisent, et bien s\u00fbr des nombreux b\u00e9n\u00e9voles mobilis\u00e9s par les Sc\u00e8nes Buissonni\u00e8res et la commune d\u2019accueil.<\/p>\n\n\n\n<p>Gr\u00e2ce \u00e0 eux tous nous pourrons vous offrir un \u00e9v\u00e8nement on ne peut plus buissonnier au c\u0153ur de la ville.<\/p>\n","protected":false},"excerpt":{"rendered":"<p>Les Sc\u00e8nes Buissonni\u00e8res, retour aux sources. Vingt-quatre ans apr\u00e8s sa naissance le Festival des Sc\u00e8nes Buissonni\u00e8res qui a parcouru (presque) tous les villages de la Communaut\u00e9 de Communes de Montesquieu revient \u00e0 son point de d\u00e9part, L\u00e9ognan, pour vous proposer &hellip;<\/p>\n<p class=\"read-more\"> <a class=\"more-link\" href=\"http:\/\/www.scenesbuissonnieres.com\/scenesB\/bonjour\/bonjour-2022\/\"> <span class=\"screen-reader-text\">Bonjour 2022<\/span> Read More &raquo;<\/a><\/p>\n","protected":false},"author":2,"featured_media":0,"parent":226,"menu_order":0,"comment_status":"closed","ping_status":"closed","template":"","meta":[],"yoast_head":"<!-- This site is optimized with the Yoast SEO plugin v21.8.1 - https:\/\/yoast.com\/wordpress\/plugins\/seo\/ -->\n<title>Bonjour 2022 - Sc\u00e8nes Buissonni\u00e8res<\/title>\n<meta name=\"robots\" content=\"index, follow, max-snippet:-1, max-image-preview:large, max-video-preview:-1\" \/>\n<link rel=\"canonical\" href=\"http:\/\/www.scenesbuissonnieres.com\/scenesB\/bonjour\/bonjour-2022\/\" \/>\n<meta property=\"og:locale\" content=\"fr_FR\" \/>\n<meta property=\"og:type\" content=\"article\" \/>\n<meta property=\"og:title\" content=\"Bonjour 2022 - Sc\u00e8nes Buissonni\u00e8res\" \/>\n<meta property=\"og:description\" content=\"Les Sc\u00e8nes Buissonni\u00e8res, retour aux sources. Vingt-quatre ans apr\u00e8s sa naissance le Festival des Sc\u00e8nes Buissonni\u00e8res qui a parcouru (presque) tous les villages de la Communaut\u00e9 de Communes de Montesquieu revient \u00e0 son point de d\u00e9part, L\u00e9ognan, pour vous proposer &hellip; Bonjour 2022 Read More &raquo;\" \/>\n<meta property=\"og:url\" content=\"http:\/\/www.scenesbuissonnieres.com\/scenesB\/bonjour\/bonjour-2022\/\" \/>\n<meta property=\"og:site_name\" content=\"Sc\u00e8nes Buissonni\u00e8res\" \/>\n<meta property=\"article:modified_time\" content=\"2022-05-30T07:59:03+00:00\" \/>\n<meta name=\"twitter:card\" content=\"summary_large_image\" \/>\n<meta name=\"twitter:label1\" content=\"Dur\u00e9e de lecture estim\u00e9e\" \/>\n\t<meta name=\"twitter:data1\" content=\"3 minutes\" \/>\n<script type=\"application\/ld+json\" class=\"yoast-schema-graph\">{\"@context\":\"https:\/\/schema.org\",\"@graph\":[{\"@type\":\"WebPage\",\"@id\":\"http:\/\/www.scenesbuissonnieres.com\/scenesB\/bonjour\/bonjour-2022\/\",\"url\":\"http:\/\/www.scenesbuissonnieres.com\/scenesB\/bonjour\/bonjour-2022\/\",\"name\":\"Bonjour 2022 - Sc\u00e8nes Buissonni\u00e8res\",\"isPartOf\":{\"@id\":\"http:\/\/www.scenesbuissonnieres.com\/scenesB\/#website\"},\"datePublished\":\"2022-05-30T07:56:23+00:00\",\"dateModified\":\"2022-05-30T07:59:03+00:00\",\"breadcrumb\":{\"@id\":\"http:\/\/www.scenesbuissonnieres.com\/scenesB\/bonjour\/bonjour-2022\/#breadcrumb\"},\"inLanguage\":\"fr-FR\",\"potentialAction\":[{\"@type\":\"ReadAction\",\"target\":[\"http:\/\/www.scenesbuissonnieres.com\/scenesB\/bonjour\/bonjour-2022\/\"]}]},{\"@type\":\"BreadcrumbList\",\"@id\":\"http:\/\/www.scenesbuissonnieres.com\/scenesB\/bonjour\/bonjour-2022\/#breadcrumb\",\"itemListElement\":[{\"@type\":\"ListItem\",\"position\":1,\"name\":\"Accueil\",\"item\":\"http:\/\/www.scenesbuissonnieres.com\/scenesB\/\"},{\"@type\":\"ListItem\",\"position\":2,\"name\":\"Bonjour\",\"item\":\"http:\/\/www.scenesbuissonnieres.com\/scenesB\/bonjour\/\"},{\"@type\":\"ListItem\",\"position\":3,\"name\":\"Bonjour 2022\"}]},{\"@type\":\"WebSite\",\"@id\":\"http:\/\/www.scenesbuissonnieres.com\/scenesB\/#website\",\"url\":\"http:\/\/www.scenesbuissonnieres.com\/scenesB\/\",\"name\":\"Sc\u00e8nes Buissonni\u00e8res\",\"description\":\"Le Festival de Th\u00e9\u00e2tre\",\"publisher\":{\"@id\":\"http:\/\/www.scenesbuissonnieres.com\/scenesB\/#organization\"},\"potentialAction\":[{\"@type\":\"SearchAction\",\"target\":{\"@type\":\"EntryPoint\",\"urlTemplate\":\"http:\/\/www.scenesbuissonnieres.com\/scenesB\/?s={search_term_string}\"},\"query-input\":\"required name=search_term_string\"}],\"inLanguage\":\"fr-FR\"},{\"@type\":\"Organization\",\"@id\":\"http:\/\/www.scenesbuissonnieres.com\/scenesB\/#organization\",\"name\":\"Sc\u00e8nes Buissonni\u00e8res\",\"url\":\"http:\/\/www.scenesbuissonnieres.com\/scenesB\/\",\"logo\":{\"@type\":\"ImageObject\",\"inLanguage\":\"fr-FR\",\"@id\":\"http:\/\/www.scenesbuissonnieres.com\/scenesB\/#\/schema\/logo\/image\/\",\"url\":\"http:\/\/www.scenesbuissonnieres.com\/scenesB\/wp-content\/uploads\/2025\/12\/Bandeau_Site_2026.png\",\"contentUrl\":\"http:\/\/www.scenesbuissonnieres.com\/scenesB\/wp-content\/uploads\/2025\/12\/Bandeau_Site_2026.png\",\"width\":760,\"height\":200,\"caption\":\"Sc\u00e8nes Buissonni\u00e8res\"},\"image\":{\"@id\":\"http:\/\/www.scenesbuissonnieres.com\/scenesB\/#\/schema\/logo\/image\/\"}}]}<\/script>\n<!-- \/ Yoast SEO plugin. -->","yoast_head_json":{"title":"Bonjour 2022 - Sc\u00e8nes Buissonni\u00e8res","robots":{"index":"index","follow":"follow","max-snippet":"max-snippet:-1","max-image-preview":"max-image-preview:large","max-video-preview":"max-video-preview:-1"},"canonical":"http:\/\/www.scenesbuissonnieres.com\/scenesB\/bonjour\/bonjour-2022\/","og_locale":"fr_FR","og_type":"article","og_title":"Bonjour 2022 - Sc\u00e8nes Buissonni\u00e8res","og_description":"Les Sc\u00e8nes Buissonni\u00e8res, retour aux sources. Vingt-quatre ans apr\u00e8s sa naissance le Festival des Sc\u00e8nes Buissonni\u00e8res qui a parcouru (presque) tous les villages de la Communaut\u00e9 de Communes de Montesquieu revient \u00e0 son point de d\u00e9part, L\u00e9ognan, pour vous proposer &hellip; Bonjour 2022 Read More &raquo;","og_url":"http:\/\/www.scenesbuissonnieres.com\/scenesB\/bonjour\/bonjour-2022\/","og_site_name":"Sc\u00e8nes Buissonni\u00e8res","article_modified_time":"2022-05-30T07:59:03+00:00","twitter_card":"summary_large_image","twitter_misc":{"Dur\u00e9e de lecture estim\u00e9e":"3 minutes"},"schema":{"@context":"https:\/\/schema.org","@graph":[{"@type":"WebPage","@id":"http:\/\/www.scenesbuissonnieres.com\/scenesB\/bonjour\/bonjour-2022\/","url":"http:\/\/www.scenesbuissonnieres.com\/scenesB\/bonjour\/bonjour-2022\/","name":"Bonjour 2022 - Sc\u00e8nes Buissonni\u00e8res","isPartOf":{"@id":"http:\/\/www.scenesbuissonnieres.com\/scenesB\/#website"},"datePublished":"2022-05-30T07:56:23+00:00","dateModified":"2022-05-30T07:59:03+00:00","breadcrumb":{"@id":"http:\/\/www.scenesbuissonnieres.com\/scenesB\/bonjour\/bonjour-2022\/#breadcrumb"},"inLanguage":"fr-FR","potentialAction":[{"@type":"ReadAction","target":["http:\/\/www.scenesbuissonnieres.com\/scenesB\/bonjour\/bonjour-2022\/"]}]},{"@type":"BreadcrumbList","@id":"http:\/\/www.scenesbuissonnieres.com\/scenesB\/bonjour\/bonjour-2022\/#breadcrumb","itemListElement":[{"@type":"ListItem","position":1,"name":"Accueil","item":"http:\/\/www.scenesbuissonnieres.com\/scenesB\/"},{"@type":"ListItem","position":2,"name":"Bonjour","item":"http:\/\/www.scenesbuissonnieres.com\/scenesB\/bonjour\/"},{"@type":"ListItem","position":3,"name":"Bonjour 2022"}]},{"@type":"WebSite","@id":"http:\/\/www.scenesbuissonnieres.com\/scenesB\/#website","url":"http:\/\/www.scenesbuissonnieres.com\/scenesB\/","name":"Sc\u00e8nes Buissonni\u00e8res","description":"Le Festival de Th\u00e9\u00e2tre","publisher":{"@id":"http:\/\/www.scenesbuissonnieres.com\/scenesB\/#organization"},"potentialAction":[{"@type":"SearchAction","target":{"@type":"EntryPoint","urlTemplate":"http:\/\/www.scenesbuissonnieres.com\/scenesB\/?s={search_term_string}"},"query-input":"required name=search_term_string"}],"inLanguage":"fr-FR"},{"@type":"Organization","@id":"http:\/\/www.scenesbuissonnieres.com\/scenesB\/#organization","name":"Sc\u00e8nes Buissonni\u00e8res","url":"http:\/\/www.scenesbuissonnieres.com\/scenesB\/","logo":{"@type":"ImageObject","inLanguage":"fr-FR","@id":"http:\/\/www.scenesbuissonnieres.com\/scenesB\/#\/schema\/logo\/image\/","url":"http:\/\/www.scenesbuissonnieres.com\/scenesB\/wp-content\/uploads\/2025\/12\/Bandeau_Site_2026.png","contentUrl":"http:\/\/www.scenesbuissonnieres.com\/scenesB\/wp-content\/uploads\/2025\/12\/Bandeau_Site_2026.png","width":760,"height":200,"caption":"Sc\u00e8nes Buissonni\u00e8res"},"image":{"@id":"http:\/\/www.scenesbuissonnieres.com\/scenesB\/#\/schema\/logo\/image\/"}}]}},"_links":{"self":[{"href":"http:\/\/www.scenesbuissonnieres.com\/scenesB\/wp-json\/wp\/v2\/pages\/1027"}],"collection":[{"href":"http:\/\/www.scenesbuissonnieres.com\/scenesB\/wp-json\/wp\/v2\/pages"}],"about":[{"href":"http:\/\/www.scenesbuissonnieres.com\/scenesB\/wp-json\/wp\/v2\/types\/page"}],"author":[{"embeddable":true,"href":"http:\/\/www.scenesbuissonnieres.com\/scenesB\/wp-json\/wp\/v2\/users\/2"}],"replies":[{"embeddable":true,"href":"http:\/\/www.scenesbuissonnieres.com\/scenesB\/wp-json\/wp\/v2\/comments?post=1027"}],"version-history":[{"count":1,"href":"http:\/\/www.scenesbuissonnieres.com\/scenesB\/wp-json\/wp\/v2\/pages\/1027\/revisions"}],"predecessor-version":[{"id":1028,"href":"http:\/\/www.scenesbuissonnieres.com\/scenesB\/wp-json\/wp\/v2\/pages\/1027\/revisions\/1028"}],"up":[{"embeddable":true,"href":"http:\/\/www.scenesbuissonnieres.com\/scenesB\/wp-json\/wp\/v2\/pages\/226"}],"wp:attachment":[{"href":"http:\/\/www.scenesbuissonnieres.com\/scenesB\/wp-json\/wp\/v2\/media?parent=1027"}],"curies":[{"name":"wp","href":"https:\/\/api.w.org\/{rel}","templated":true}]}}